{"id":221,"date":"2025-11-05T11:15:24","date_gmt":"2025-11-05T11:15:24","guid":{"rendered":"https:\/\/atm.runweb-dev.re\/?page_id=221"},"modified":"2026-03-09T18:23:54","modified_gmt":"2026-03-09T14:23:54","slug":"blog","status":"publish","type":"page","link":"https:\/\/atm974.re\/de\/blog\/","title":{"rendered":"Blog"},"content":{"rendered":"<p>[et_pb_section fb_built=\u00a0\u00bb1&Prime; admin_label=\u00a0\u00bbBlog\u00a0\u00bb _builder_version=\u00a0\u00bb4.20.0&Prime; _module_preset=\u00a0\u00bbdefault\u00a0\u00bb background_color=\u00a0\u00bbgcid-0b3648c3-2401-4522-b561-c93abc2c011d\u00a0\u00bb collapsed=\u00a0\u00bbon\u00a0\u00bb global_colors_info=\u00a0\u00bb{%22gcid-0b3648c3-2401-4522-b561-c93abc2c011d%22:%91%22background_color%22%93}\u00a0\u00bb][et_pb_row _builder_version=\u00a0\u00bb4.20.0&Prime; _module_preset=\u00a0\u00bbdefault\u00a0\u00bb global_colors_info=\u00a0\u00bb{}\u00a0\u00bb][et_pb_column type=\u00a0\u00bb4_4&Prime; _builder_version=\u00a0\u00bb4.20.0&Prime; _module_preset=\u00a0\u00bbdefault\u00a0\u00bb global_colors_info=\u00a0\u00bb{}\u00a0\u00bb][et_pb_text _builder_version=\u00a0\u00bb4.27.4&Prime; _module_preset=\u00a0\u00bb_initial\u00a0\u00bb header_font=\u00a0\u00bbAlegreya Sans|700|||||||\u00a0\u00bb header_text_color=\u00a0\u00bb#FFFFFF\u00a0\u00bb header_font_size=\u00a0\u00bb80px\u00a0\u00bb header_line_height=\u00a0\u00bb1.2em\u00a0\u00bb text_orientation=\u00a0\u00bbcenter\u00a0\u00bb header_font_size_tablet=\u00a0\u00bb40px\u00a0\u00bb header_font_size_phone=\u00a0\u00bb26px\u00a0\u00bb header_font_size_last_edited=\u00a0\u00bbon|desktop\u00a0\u00bb global_colors_info=\u00a0\u00bb{}\u00a0\u00bb]<\/p>\n<h1>Derni\u00e8res actus<\/h1>\n<p>[\/et_pb_text][et_pb_blog fullwidth=\u00a0\u00bboff\u00a0\u00bb posts_number=\u00a0\u00bb6&Prime; include_categories=\u00a0\u00bb21&Prime; show_more=\u00a0\u00bbon\u00a0\u00bb show_author=\u00a0\u00bboff\u00a0\u00bb show_date=\u00a0\u00bboff\u00a0\u00bb show_categories=\u00a0\u00bboff\u00a0\u00bb show_pagination=\u00a0\u00bboff\u00a0\u00bb _builder_version=\u00a0\u00bb4.27.4&Prime; _module_preset=\u00a0\u00bb_initial\u00a0\u00bb header_font=\u00a0\u00bbAlegreya Sans|700|||||||\u00a0\u00bb header_font_size=\u00a0\u00bb24px\u00a0\u00bb header_line_height=\u00a0\u00bb1.4em\u00a0\u00bb body_font=\u00a0\u00bbLato||||||||\u00a0\u00bb body_font_size=\u00a0\u00bb15px\u00a0\u00bb body_line_height=\u00a0\u00bb1.8em\u00a0\u00bb meta_font=\u00a0\u00bbAlegreya Sans|700|||||||\u00a0\u00bb meta_text_color=\u00a0\u00bbgcid-4b73e4d9-a130-475b-a212-4e71bec4d095&Prime; meta_font_size=\u00a0\u00bb15px\u00a0\u00bb meta_line_height=\u00a0\u00bb1.4em\u00a0\u00bb read_more_font=\u00a0\u00bbAlegreya Sans|700|||||||\u00a0\u00bb read_more_text_color=\u00a0\u00bb#db5a2f\u00a0\u00bb read_more_font_size=\u00a0\u00bb18px\u00a0\u00bb pagination_font=\u00a0\u00bbAlegreya Sans|700|||||||\u00a0\u00bb pagination_text_color=\u00a0\u00bb#FFFFFF\u00a0\u00bb pagination_font_size=\u00a0\u00bb18px\u00a0\u00bb header_font_size_tablet=\u00a0\u00bb20px\u00a0\u00bb header_font_size_phone=\u00a0\u00bb16px\u00a0\u00bb header_font_size_last_edited=\u00a0\u00bbon|tablet\u00a0\u00bb meta_font_size_tablet=\u00a0\u00bb16px\u00a0\u00bb meta_font_size_phone=\u00a0\u00bb14px\u00a0\u00bb meta_font_size_last_edited=\u00a0\u00bboff|desktop\u00a0\u00bb read_more_font_size_tablet=\u00a0\u00bb16px\u00a0\u00bb read_more_font_size_phone=\u00a0\u00bb14px\u00a0\u00bb read_more_font_size_last_edited=\u00a0\u00bbon|desktop\u00a0\u00bb pagination_font_size_tablet=\u00a0\u00bb16px\u00a0\u00bb pagination_font_size_phone=\u00a0\u00bb14px\u00a0\u00bb pagination_font_size_last_edited=\u00a0\u00bbon|tablet\u00a0\u00bb border_radii=\u00a0\u00bbon|20px|20px|20px|20px\u00a0\u00bb locked=\u00a0\u00bboff\u00a0\u00bb global_colors_info=\u00a0\u00bb{%22gcid-4b73e4d9-a130-475b-a212-4e71bec4d095%22:%91%22meta_text_color%22%93}\u00a0\u00bb][\/et_pb_blog][\/et_pb_column][\/et_pb_row][\/et_pb_section]<\/p>\n","protected":false},"excerpt":{"rendered":"<p>Derni\u00e8res actus<\/p>","protected":false},"author":1,"featured_media":0,"parent":0,"menu_order":0,"comment_status":"closed","ping_status":"closed","template":"","meta":{"_seopress_robots_primary_cat":"","_seopress_titles_title":"Blog | Tunnels de lave \u00e0 La R\u00e9union : conseils & actus","_seopress_titles_desc":"Conseils pour visiter un tunnel de lave \u00e0 La R\u00e9union : pr\u00e9paration, \u00e9quipement, niveaux, choix d\u2019exploration (2004, 2007, Bassin Bleu, combo) et actus.","_seopress_robots_index":"","_et_pb_use_builder":"on","_et_pb_old_content":"","_et_gb_content_width":"","footnotes":""},"dipi_cpt_category":[],"class_list":["post-221","page","type-page","status-publish","hentry"],"_links":{"self":[{"href":"https:\/\/atm974.re\/de\/wp-json\/wp\/v2\/pages\/221","targetHints":{"allow":["GET"]}}],"collection":[{"href":"https:\/\/atm974.re\/de\/wp-json\/wp\/v2\/pages"}],"about":[{"href":"https:\/\/atm974.re\/de\/wp-json\/wp\/v2\/types\/page"}],"author":[{"embeddable":true,"href":"https:\/\/atm974.re\/de\/wp-json\/wp\/v2\/users\/1"}],"replies":[{"embeddable":true,"href":"https:\/\/atm974.re\/de\/wp-json\/wp\/v2\/comments?post=221"}],"version-history":[{"count":0,"href":"https:\/\/atm974.re\/de\/wp-json\/wp\/v2\/pages\/221\/revisions"}],"wp:attachment":[{"href":"https:\/\/atm974.re\/de\/wp-json\/wp\/v2\/media?parent=221"}],"wp:term":[{"taxonomy":"dipi_cpt_category","embeddable":true,"href":"https:\/\/atm974.re\/de\/wp-json\/wp\/v2\/dipi_cpt_category?post=221"}],"curies":[{"name":"wp","href":"https:\/\/api.w.org\/{rel}","templated":true}]}}