{"id":25951947,"date":"2026-02-16T00:10:27","date_gmt":"2026-02-15T20:10:27","guid":{"rendered":"https:\/\/atm.runweb-dev.re\/?page_id=25951947"},"modified":"2026-03-03T16:27:52","modified_gmt":"2026-03-03T12:27:52","slug":"conditions-generales-de-vente","status":"publish","type":"page","link":"https:\/\/atm974.re\/de\/conditions-generales-de-vente\/","title":{"rendered":"Allgemeine Verkaufsbedingungen"},"content":{"rendered":"<p>[et_pb_section fb_built=\u00a0\u00bb1&Prime; _builder_version=\u00a0\u00bb4.27.5&Prime; _module_preset=\u00a0\u00bbdefault\u00a0\u00bb global_colors_info=\u00a0\u00bb{}\u00a0\u00bb][et_pb_row column_structure=\u00a0\u00bb1_2,1_2&Prime; _builder_version=\u00a0\u00bb4.27.5&Prime; _module_preset=\u00a0\u00bbdefault\u00a0\u00bb global_colors_info=\u00a0\u00bb{}\u00a0\u00bb][et_pb_column type=\u00a0\u00bb1_2&Prime; _builder_version=\u00a0\u00bb4.27.5&Prime; _module_preset=\u00a0\u00bbdefault\u00a0\u00bb global_colors_info=\u00a0\u00bb{}\u00a0\u00bb][et_pb_image src=\u00a0\u00bbhttps:\/\/atm974.re\/wp-content\/uploads\/2026\/02\/log.png\u00a0\u00bb title_text=\u00a0\u00bblog\u00a0\u00bb align=\u00a0\u00bbcenter\u00a0\u00bb _builder_version=\u00a0\u00bb4.27.5&Prime; _module_preset=\u00a0\u00bbdefault\u00a0\u00bb max_width=\u00a0\u00bb30%\u00a0\u00bb global_colors_info=\u00a0\u00bb{}\u00a0\u00bb][\/et_pb_image][\/et_pb_column][et_pb_column type=\u00a0\u00bb1_2&Prime; _builder_version=\u00a0\u00bb4.27.5&Prime; _module_preset=\u00a0\u00bbdefault\u00a0\u00bb global_colors_info=\u00a0\u00bb{}\u00a0\u00bb][et_pb_image src=\u00a0\u00bbhttps:\/\/atm974.re\/wp-content\/uploads\/2025\/10\/ATM-logo-Web-2-Long-degrade-Halo-Fond-clair.png\u00a0\u00bb title_text=\u00a0\u00bbATM-logo-Web-2-Long-de\u0301grade\u0301-Halo-Fond-clair\u00a0\u00bb align=\u00a0\u00bbcenter\u00a0\u00bb _builder_version=\u00a0\u00bb4.27.5&Prime; _module_preset=\u00a0\u00bbdefault\u00a0\u00bb max_width=\u00a0\u00bb80%\u00a0\u00bb global_colors_info=\u00a0\u00bb{}\u00a0\u00bb][\/et_pb_image][\/et_pb_column][\/et_pb_row][et_pb_row _builder_version=\u00a0\u00bb4.27.5&Prime; _module_preset=\u00a0\u00bbdefault\u00a0\u00bb global_colors_info=\u00a0\u00bb{}\u00a0\u00bb][et_pb_column type=\u00a0\u00bb4_4&Prime; _builder_version=\u00a0\u00bb4.27.5&Prime; _module_preset=\u00a0\u00bbdefault\u00a0\u00bb global_colors_info=\u00a0\u00bb{}\u00a0\u00bb][et_pb_text _builder_version=\u00a0\u00bb4.27.5&Prime; _module_preset=\u00a0\u00bbdefault\u00a0\u00bb global_colors_info=\u00a0\u00bb{}\u00a0\u00bb]<\/p>\n<h1 style=\"text-align: center;\"><span class=\"a_GcMg font-feature-liga-off font-feature-clig-off font-feature-calt-off text-decoration-none text-strikethrough-none\" style=\"color: rgba(0,0,0,var(--o42jjq,1)); caret-color: #000000; --ys-xuq: none; font-weight: bold; font-style: normal; font-kerning: none;\">CONDITIONS G\u00c9N\u00c9RALES DE VENTE<\/span><\/h1>\n<p>[\/et_pb_text][et_pb_text _builder_version=\u00a0\u00bb4.27.5&Prime; _module_preset=\u00a0\u00bbdefault\u00a0\u00bb global_colors_info=\u00a0\u00bb{}\u00a0\u00bb]<\/p>\n<p>Entre la Soci\u00e9t\u00e9 Antre Terre et Mer 974,<\/p>\n<p>domicili\u00e9e au 1A impasse du Ruisseau 97425 Les Avirons<\/p>\n<p>immatricul\u00e9e au Registre du Commerce et des Soci\u00e9t\u00e9s,<\/p>\n<p>sous le num\u00e9ro SIRET 82972834400021,<\/p>\n<p>repr\u00e9sent\u00e9e par Alexandre MEYER en qualit\u00e9 de g\u00e9rant, d\u00fbment habilit\u00e9 aux fins des pr\u00e9sentes.<\/p>\n<p>La soci\u00e9t\u00e9 peut \u00eatre jointe par email en cliquant sur le formulaire de contact accessible via la page d\u2019accueil du site.<\/p>\n<p>Ci-apr\u00e8s le \u00ab Vendeur \u00bb ou la \u00ab Soci\u00e9t\u00e9 \u00bb.<\/p>\n<p>D\u2019une part,<\/p>\n<p>Et la personne physique ou morale proc\u00e9dant \u00e0 l\u2019achat de produits ou services de la soci\u00e9t\u00e9,<\/p>\n<p>Ci-apr\u00e8s, \u00ab l\u2019Acheteur \u00bb, ou \u00ab le Client \u00bb<\/p>\n<p>D\u2019autre part,<\/p>\n<p>[\/et_pb_text][et_pb_text _builder_version=\u00a0\u00bb4.27.5&Prime; _module_preset=\u00a0\u00bbdefault\u00a0\u00bb global_colors_info=\u00a0\u00bb{}\u00a0\u00bb]<\/p>\n<div>\n<p><span data-canva-clipboard=\"ewAiAGEAIgA6ADUALAAiAGgAIgA6ACIAdwB3AHcALgBjAGEAbgB2AGEALgBjAG8AbQAiACwAIgBjACIAOgAiAEQAQQBIAEIARwBzAGIAMgB2AGUAawAiACwAIgBpACIAOgAiAG4AOQBsADAANABhAF8AYQBKADIAWQBrAEYAWQBHAE8ASwA5AF8AcABQAEEAIgAsACIAYgAiADoAMQA3ADcAMQAxADgANAA5ADEANwA3ADEAMgAsACIAbQAiADoAewB9ACwAIgBBAD8AIgA6ACIAQgAiACwAIgBBACIAOgBbAHsAIgBBACIAOgA3ADkAMwAuADUAOQA5ACwAIgBCACIAOgA5ADQALgA1ADMAMwAsACIARAAiADoAOQA0AC4ANAAwADgALAAiAEMAIgA6ADEANQAuADcAMgA0ACwAIgBBAD8AIgA6ACIASwAiACwAIgBfACIAOgAiAEwAQgBOAHQAUABkADUASAA0AFoATgBjAFkASgBxAFAAIgAsACIAYQAiADoAewAiAEEAIgA6AFsAewAiAEEAPwAiADoAIgBBACIALAAiAEEAIgA6ACIAUABSAMkAQQBNAEIAVQBMAEUAIAA6AFwAbgAiAH0AXQAsACIAQgAiADoAWwB7ACIAQQA\/ACIAOgAiAEEAIgAsACIAQQAiADoAewAiAGMAbwBsAG8AcgAiADoAewAiAEIAIgA6ACIAIwAwADAAMAAwADAAMAAiAH0ALAAiAGQAaQByAGUAYwB0AGkAbwBuACIAOgB7ACIAQgAiADoAIgBsAHQAcgAiAH0ALAAiAGYAbwBuAHQALQBmAGEAbQBpAGwAeQAiADoAewAiAEIAIgA6ACIAWQBBAEcAeQBEAHYASgBfADQAVABzACwAMAAiAH0ALAAiAGYAbwBuAHQALQBzAGkAegBlACIAOgB7ACIAQgAiADoAIgAxADMALgAzADMAMwAzADMAMwAzADMAMwAzADMAMwAzADMAMgAiAH0ALAAiAGYAbwBuAHQALQBzAHQAeQBsAGUAIgA6AHsAIgBCACIAOgAiAG4AbwByAG0AYQBsACIAfQAsACIAZgBvAG4AdAAtAHcAZQBpAGcAaAB0ACIAOgB7ACIAQgAiADoAIgBiAG8AbABkACIAfQAsACIAbABlAGEAZABpAG4AZwAiADoAewAiAEIAIgA6ACIAMQA0ADAAMAAuADAAIgB9ACwAIgB0AGUAeAB0AC0AYQBsAGkAZwBuACIAOgB7ACIAQgAiADoAIgBzAHQAYQByAHQAIgB9ACwAIgB0AHIAYQBjAGsAaQBuAGcAIgA6AHsAIgBCACIAOgAiADAALgAwACIAfQB9AH0ALAB7ACIAQQA\/ACIAOgAiAEIAIgAsACIAQQAiADoAOQB9ACwAewAiAEEAPwAiADoAIgBBACIALAAiAEEAIgA6AHsAIgBjAG8AbABvAHIAIgA6AHsAfQB9AH0ALAB7ACIAQQA\/ACIAOgAiAEIAIgAsACIAQQAiADoAMQB9ACwAewAiAEEAPwAiADoAIgBBACIALAAiAEEAIgA6AHsAIgBjAG8AbABvAHIAIgA6AHsAIgBCACIAOgAiACMAMAAwADAAMAAwADAAIgB9AH0AfQAsAHsAIgBBAD8AIgA6ACIAQgAiACwAIgBBACIAOgAyAH0ALAB7ACIAQQA\/ACIAOgAiAEEAIgAsACIAQQAiADoAewAiAGMAbwBsAG8AcgAiADoAewB9ACwAIgBkAGkAcgBlAGMAdABpAG8AbgAiADoAewB9ACwAIgBmAG8AbgB0AC0AZgBhAG0AaQBsAHkAIgA6AHsAfQAsACIAZgBvAG4AdAAtAHMAaQB6AGUAIgA6AHsAfQAsACIAZgBvAG4AdAAtAHMAdAB5AGwAZQAiADoAewB9ACwAIgBmAG8AbgB0AC0AdwBlAGkAZwBoAHQAIgA6AHsAfQAsACIAbABlAGEAZABpAG4AZwAiADoAewB9ACwAIgB0AGUAeAB0AC0AYQBsAGkAZwBuACIAOgB7AH0ALAAiAHQAcgBhAGMAawBpAG4AZwAiADoAewB9AH0AfQBdAH0ALAAiAGIAIgA6AHsAIgBBACIAOgBbADEAMgBdAH0ALAAiAGQAIgA6ACIAQQAiACwAIgBoACIAOgAiAEIAIgB9AF0ALAAiAEIAIgA6ADcAOQAzAC4ANwAwADAANwA4ADcANAAwADEANQA3ADQAOAAsACIAQwAiADoAMQAxADIAMgAuADUAMQA5ADYAOAA1ADAAMwA5ADMANwB9AA==\"><\/span><span style=\"text-decoration: underline;\"><span style=\"font-weight: bold; font-style: normal; color: #000000; text-decoration: underline;\">PR\u00c9AMBULE<\/span><span style=\"font-weight: bold; font-style: normal; color: #000000; text-decoration: underline;\"> <\/span><span style=\"font-weight: bold; font-style: normal; color: #000000; text-decoration: underline;\">:<\/span><\/span><\/p>\n<\/div>\n<p>[\/et_pb_text][et_pb_text _builder_version=\u00a0\u00bb4.27.6&Prime; _module_preset=\u00a0\u00bbdefault\u00a0\u00bb hover_enabled=\u00a0\u00bb0&Prime; global_colors_info=\u00a0\u00bb{}\u00a0\u00bb sticky_enabled=\u00a0\u00bb0&Prime;]<\/p>\n<p>Le Vendeur est \u00e9diteur de Produits et Services de d\u2019explorations de tunnel de lave, de team building et de formation \u00e0 destination de consommateurs, commercialis\u00e9s par l\u2019interm\u00e9diaire de ses sites Internet (atm974.re). La liste et le descriptif des biens et services propos\u00e9s par la Soci\u00e9t\u00e9 peuvent \u00eatre consult\u00e9s sur les sites susmentionn\u00e9s.<br \/>Les pr\u00e9sentes Conditions G\u00e9n\u00e9rales de Vente d\u00e9terminent les droits et obligations des parties dans le<br \/>cadre de la vente en ligne de Produits ou Services propos\u00e9s par le Vendeur.<\/p>\n<p><strong>L\u2019OFFRE :<\/strong><br \/>L\u2019offre de prix par activit\u00e9 comprend l\u2019encadrement par un moniteur dipl\u00f4m\u00e9 d\u2019\u00e9tat assur\u00e9 en<br \/>responsabilit\u00e9 civile professionnelle et le mat\u00e9riel technique propre et n\u00e9cessaire \u00e0 l\u2019activit\u00e9 (baudrier,<br \/>cordes, descendeurs, appareils de remont\u00e9e sur corde, casques, \u00e9clairages, genouill\u00e8res, etc).<\/p>\n<p><strong>CONDITIONS DE PARTICIPATION :<\/strong><br \/>Les activit\u00e9s propos\u00e9es sont ouvertes \u00e0 tous, n\u00e9anmoins suivant les activit\u00e9s et parcours, certaines conditions sont \u00e0 prendre en compte : limite d\u2019\u00e2ge, niveau technique ou physique. Pour conna\u00eetre ces conditions, veuillez vous reporter aux fiches techniques des parcours et demander conseil \u00e0 votre interlocuteur si besoin (contact@atm974.re \/ +262(0)693214804).<\/p>\n<p>Vous ne devez pas faire l\u2019objet de contre-indication m\u00e9dicale \u00e0 la pratique de l\u2019activit\u00e9 choisie<br \/>(Sp\u00e9l\u00e9ologie, Canyoning, Randonn\u00e9e, Escalade\u2026).<br \/><strong>Important<\/strong> : Vous ne faites pas l\u2019objet d\u2019une contre indication m\u00e9dicale, mais vous \u00eates d\u00e9pendant de soins ou de traitements m\u00e9dicaux sp\u00e9ciaux particuliers, ou encore votre \u00e9tat de sant\u00e9 n\u00e9cessite une attention particuli\u00e8re, vous devrez imp\u00e9rativement en informer le bureau au moment de la r\u00e9servation et le moniteur avant le d\u00e9part de l\u2019activit\u00e9.<br \/>Pour les activit\u00e9s aquatiques : Il est imp\u00e9ratif de savoir effectuer un saut dans l\u2019eau ; nager sur le ventre pendant vingt m\u00e8tres ; nager sous l\u2019eau et passer sous une ligne d\u2019eau ou un objet flottant.<\/p>\n<p><strong>ASSURANCES :<\/strong><br \/>Votre moniteur est assur\u00e9 en responsabilit\u00e9 civile professionnelle dans le cadre des activit\u00e9s qu\u2019il encadre, selon ses dipl\u00f4mes et pr\u00e9rogatives (Documents administratifs\/atm974.re). Toutefois il est fortement conseill\u00e9 d\u2019\u00eatre assur\u00e9 individuellement (Responsabilit\u00e9 Civile et Individuelle accident) pour les dommages caus\u00e9s ou subis lors d\u2019incidents ou d\u2019accidents :<\/p>\n<p>&#8211; n\u2019ayant pas de rapport direct avec la pratique des activit\u00e9s.<br \/>&#8211; ne r\u00e9sultant pas d\u2019une faute du moniteur ou d\u2019une d\u00e9faillance du mat\u00e9riel.<\/p>\n<p><strong>ANNULATIONS :<\/strong><br \/>Si dans les 24 heures qui pr\u00e9c\u00e8dent la prestation, le professionnel n\u2019a pas \u00e9t\u00e9 inform\u00e9 de l\u2019annulation d\u2019une ou plusieurs personne(s), hors raison m\u00e9dicale (justification par certificat m\u00e9dical) et cas de force majeure, le r\u00e8glement des absents sera d\u00fb.<br \/>Tarif groupe : le nombre de personnes participantes \u00e0 l\u2019activit\u00e9 doit correspondre au minimum pr\u00e9vu permettant de b\u00e9n\u00e9ficier du tarif r\u00e9duit. Dans le cas contraire, le tarif normal sera d\u00fb par l\u2019ensemble des clients participants.<\/p>\n<p><strong>R\u00c8GLEMENT :<\/strong><br \/>Le r\u00e8glement total de la prestation s\u2019effectue le jour de la r\u00e9alisation de celle-ci. Les modes de r\u00e8glement sont pr\u00e9cis\u00e9s lors de la r\u00e9servation. Pour les r\u00e8glements en esp\u00e8ces il est demand\u00e9 au client d\u2019avoir l\u2019appoint. Dans le cas contraire et dans l\u2019absence d\u2019esp\u00e8ce suffisantes, le professionnel rendra le trop per\u00e7u par virement bancaire.<\/p>\n<p><strong>CONDITIONS PARTICULI\u00c8RES D\u2019ANNULATION :<\/strong><br \/>La soci\u00e9t\u00e9 et le moniteur charg\u00e9 de l\u2019activit\u00e9, se r\u00e9serve le droit d\u2019annuler une activit\u00e9 pour des raisons de s\u00e9curit\u00e9 (M\u00e9t\u00e9orologie, niveaux d\u2019eau, orage, crues, \u00e9ruptions, sismicit\u00e9&#8230;) ou pour tout autre cas de force majeur.<br \/>Dans ces cas, une activit\u00e9 de remplacement sera organis\u00e9e dans la mesure du possible ou une autre<br \/>date vous sera propos\u00e9e. Si la sortie ne peut \u00eatre r\u00e9alis\u00e9e, la prestation est int\u00e9gralement rembours\u00e9e<br \/>sans pouvoir pr\u00e9tendre \u00e0 une quelconque autre indemnit\u00e9.<br \/>SEUL LE MONITEUR EST HABILIT\u00c9 \u00c0 ANNULER UNE ACTIVIT\u00c9 EN CAS DE MAUVAIS TEMPS.<\/p>\n<p><strong>Heures de rendez-vous et retards :<\/strong><br \/>Une heure de rendez-vous est syst\u00e9matiquement communiqu\u00e9 quelque soit la prestation. Pour le bon<br \/>d\u00e9roulement des activit\u00e9s et par respect envers les autres participants, un retard de 15 minutes<br \/>maximum sera tol\u00e9r\u00e9.<br \/>exemple : pour un rendez vous \u00e0 9h, le d\u00e9part en activit\u00e9 se fera sans appel \u00e0 9h15.<\/p>\n<p>AU DEL\u00c0 DE CE DELAI, LE(S) MONITEUR(S) PART(ENT) EN ACTIVIT\u00c9 ET AUCUN REMBOURSEMENT OU INDEMNIT\u00c9 NE SERA EXIGIBLE.<\/p>\n<p><strong>RESPONSABILIT\u00c9 :<\/strong><br \/>En cas de circonstances exceptionnelles, les lieux d\u2019activit\u00e9s peuvent \u00eatre modifi\u00e9es sans pr\u00e9avis.<br \/>Chaque participant doit se conformer aux r\u00e8gles de prudence et de s\u00e9curit\u00e9 donn\u00e9es par le moniteur qui se r\u00e9serve le droit d\u2019exclure toute personne dont le comportement compromet la s\u00e9curit\u00e9 ou le bien-\u00eatre du groupe. Dans ce cas, aucune indemnit\u00e9 de remboursement ne serait due.<\/p>\n<p><strong>LES VOLS :<\/strong><br \/>Le moniteur et la soci\u00e9t\u00e9 d\u00e9clinent toute responsabilit\u00e9 en cas de vol ou de perte de mat\u00e9riel dans vos v\u00e9hicules. Ne laissez rien en vue sur le site du rendez-vous et \u00e9vitez d\u2019y laisser quelconques objets de valeur.<\/p>\n<p><strong>PROPRI\u00c9T\u00c9 AUDIOVISUELLE ET DROIT \u00c0 L\u2019IMAGE :<\/strong><br \/>Le moniteur se r\u00e9serve le droit d\u2019utiliser les photos et vid\u00e9os prises lors de ses prestations pour illustrer ses brochures, pub diverses, r\u00e9seaux sociaux et sites Internet, sauf avis contraire du participant.<br \/>Conform\u00e9ment \u00e0 la Loi n\u00b078-17 du 6 janvier 1978 relative \u00e0 l\u2019informatique, aux fichier et aux<br \/>libert\u00e9s, vous disposez d\u2019un droit d\u2019acc\u00e8s et de rectification ou suppression des informations vous<br \/>concernant.<\/p>\n<p><strong>LITIGE, R\u00c9CLAMATION ET M\u00c9DIATION \u00c0 LA CONSOMMATION :<\/strong><br \/>En cas de litige entre le Client et la Soci\u00e9t\u00e9, ceux-ci s\u2019efforceront de le r\u00e9soudre \u00e0 l\u2019amiable (le Client adressera une r\u00e9clamation \u00e9crite aupr\u00e8s du professionnel ou, le cas \u00e9ch\u00e9ant, aupr\u00e8s du Service Relations Client\u00e8le du professionnel). \u00c0 d\u00e9faut d\u2019accord amiable ou en l\u2019absence de r\u00e9ponse du professionnel dans un d\u00e9lai raisonnable d\u2019un (1) mois, le Client consommateur au sens de l\u2019article L.133-4 du code de la consommation a la possibilit\u00e9 de saisir gratuitement, si un d\u00e9saccord subsiste, le m\u00e9diateur comp\u00e9tent inscrit sur la liste des m\u00e9diateurs \u00e9tablie par la Commission d\u2019\u00e9valuation et de contr\u00f4le de la m\u00e9diation de la consommation en application de l\u2019article L.615-1 du code de la consommation, \u00e0 savoir :<\/p>\n<p>[\/et_pb_text][et_pb_text _builder_version=\u00a0\u00bb4.27.5&Prime; _module_preset=\u00a0\u00bbdefault\u00a0\u00bb global_colors_info=\u00a0\u00bb{}\u00a0\u00bb]<\/p>\n<p>La Soci\u00e9t\u00e9 M\u00e9diation Professionnelle<br \/>24 rue Albert de Mun 33000 Bordeaux<br \/>www.mediateur-consommation-smp.fr<\/p>\n<p>[\/et_pb_text][et_pb_image src=\u00a0\u00bbhttps:\/\/atm974.re\/wp-content\/uploads\/2026\/02\/mediation.png\u00a0\u00bb title_text=\u00a0\u00bbmediation\u00a0\u00bb _builder_version=\u00a0\u00bb4.27.5&Prime; _module_preset=\u00a0\u00bbdefault\u00a0\u00bb global_colors_info=\u00a0\u00bb{}\u00a0\u00bb][\/et_pb_image][et_pb_text _builder_version=\u00a0\u00bb4.27.5&Prime; _module_preset=\u00a0\u00bbdefault\u00a0\u00bb global_colors_info=\u00a0\u00bb{}\u00a0\u00bb]<\/p>\n<p>La r\u00e9servation de l\u2019activit\u00e9 vaut acceptation des pr\u00e9sentes conditions g\u00e9n\u00e9rales de vente Le signataire certifie avoir pris connaissance des conditions g\u00e9n\u00e9rales et particuli\u00e8res de vente et s\u2019engage \u00e0 informer les participants de son groupe de toutes les modalit\u00e9s.<\/p>\n<p>[\/et_pb_text][et_pb_text _builder_version=\u00a0\u00bb4.27.5&Prime; _module_preset=\u00a0\u00bbdefault\u00a0\u00bb global_colors_info=\u00a0\u00bb{}\u00a0\u00bb]<\/p>\n<p style=\"text-align: right;\">Fait le 12\/02\/2026 aux AVIRONS<br \/>Le Prestataire<\/p>\n<p>[\/et_pb_text][et_pb_image src=\u00a0\u00bbhttps:\/\/atm974.re\/wp-content\/uploads\/2026\/02\/signature.png\u00a0\u00bb title_text=\u00a0\u00bbsignature\u00a0\u00bb align=\u00a0\u00bbright\u00a0\u00bb _builder_version=\u00a0\u00bb4.27.5&Prime; _module_preset=\u00a0\u00bbdefault\u00a0\u00bb global_colors_info=\u00a0\u00bb{}\u00a0\u00bb][\/et_pb_image][et_pb_text _builder_version=\u00a0\u00bb4.27.5&Prime; _module_preset=\u00a0\u00bbdefault\u00a0\u00bb global_colors_info=\u00a0\u00bb{}\u00a0\u00bb]<\/p>\n<p style=\"text-align: center;\">CGV propos\u00e9es par le Syndicat National des Professionnels de la Sp\u00e9l\u00e9ologie et du Canyon. Si\u00e8ge Social\u00a0: Mairie \u2013 Place de l\u2019h\u00f4tel de Ville 26420 LA CHAPELLE EN VERCORS<\/p>\n<p style=\"text-align: center;\">P\u00f4le Secr\u00e9tariat \u2013 Le Rocher Rond, Hameau de Lachaup \u2013 05250 LE D\u00c9VOLUY. T\u00e9l.\/Fax\u00a0: 06 46 00 87 13. Courriel\u00a0: contact@snpsc.org N\u00b0 de siret\u00a0: 482 923 190 0029<\/p>\n<p>[\/et_pb_text][\/et_pb_column][\/et_pb_row][\/et_pb_section]<\/p>\n","protected":false},"excerpt":{"rendered":"<p>CONDITIONS G\u00c9N\u00c9RALES DE VENTEEntre la Soci\u00e9t\u00e9 Antre Terre et Mer 974, domicili\u00e9e au 1A impasse du Ruisseau 97425 Les Avirons immatricul\u00e9e au Registre du Commerce et des Soci\u00e9t\u00e9s, sous le num\u00e9ro SIRET 82972834400021, repr\u00e9sent\u00e9e par Alexandre MEYER en qualit\u00e9 de g\u00e9rant, d\u00fbment habilit\u00e9 aux fins des pr\u00e9sentes. La soci\u00e9t\u00e9 peut \u00eatre jointe par email en [&hellip;]<\/p>\n","protected":false},"author":1,"featured_media":0,"parent":0,"menu_order":0,"comment_status":"closed","ping_status":"closed","template":"","meta":{"_seopress_robots_primary_cat":"","_seopress_titles_title":"","_seopress_titles_desc":"","_seopress_robots_index":"yes","_et_pb_use_builder":"on","_et_pb_old_content":"","_et_gb_content_width":"","footnotes":""},"dipi_cpt_category":[],"class_list":["post-25951947","page","type-page","status-publish","hentry"],"_links":{"self":[{"href":"https:\/\/atm974.re\/de\/wp-json\/wp\/v2\/pages\/25951947","targetHints":{"allow":["GET"]}}],"collection":[{"href":"https:\/\/atm974.re\/de\/wp-json\/wp\/v2\/pages"}],"about":[{"href":"https:\/\/atm974.re\/de\/wp-json\/wp\/v2\/types\/page"}],"author":[{"embeddable":true,"href":"https:\/\/atm974.re\/de\/wp-json\/wp\/v2\/users\/1"}],"replies":[{"embeddable":true,"href":"https:\/\/atm974.re\/de\/wp-json\/wp\/v2\/comments?post=25951947"}],"version-history":[{"count":0,"href":"https:\/\/atm974.re\/de\/wp-json\/wp\/v2\/pages\/25951947\/revisions"}],"wp:attachment":[{"href":"https:\/\/atm974.re\/de\/wp-json\/wp\/v2\/media?parent=25951947"}],"wp:term":[{"taxonomy":"dipi_cpt_category","embeddable":true,"href":"https:\/\/atm974.re\/de\/wp-json\/wp\/v2\/dipi_cpt_category?post=25951947"}],"curies":[{"name":"wp","href":"https:\/\/api.w.org\/{rel}","templated":true}]}}