{"id":271,"date":"2025-11-05T11:57:16","date_gmt":"2025-11-05T11:57:16","guid":{"rendered":"https:\/\/atm.runweb-dev.re\/?post_type=product&#038;p=271"},"modified":"2026-03-04T17:17:17","modified_gmt":"2026-03-04T13:17:17","slug":"2004-la-grotte-chocolat-decouverte","status":"publish","type":"product","link":"https:\/\/atm974.re\/de\/produkt\/2004-la-grotte-chocolat-decouverte\/","title":{"rendered":"2004 - La Grotte Chocolat: Entdeckung"},"content":{"rendered":"<div>\n<div>\n<p><strong>Ce que vous allez vivre :<\/strong><br \/>\nAvant l\u2019immersion, une petite marche d\u2019approche facile sur une coul\u00e9e de lave p\u0101hoehoe au milieu d\u2019une v\u00e9g\u00e9tation sp\u00e9cifique, dans un cadre volcanique remarquable. Tout en profitant de l\u2019environnement, nous prendrons le temps de contextualiser l\u2019\u00eele, sa formation, ses volcans, les \u00e9ruptions&#8230; pour nous amener tout tranquillement jusqu\u2019\u00e0 l\u2019entr\u00e9e de la cavit\u00e9.<\/p>\n<\/div>\n<div>\n<p>\u00c0 l\u2019int\u00e9rieur, place aux volumes, concr\u00e9tions et couleurs sp\u00e9cifiques, qui font de cette exploration une exp\u00e9rience visuelle dont on se souvient longtemps !<\/p>\n<p>&nbsp;<\/p>\n<p style=\"text-align: center;\">\n<\/div>\n<div>\n<p style=\"text-align: center;\"><img alt=\"\" loading=\"lazy\" decoding=\"async\" class=\"alignnone wp-image-25951844\" src=\"https:\/\/atm974.re\/wp-content\/smush-webp\/2026\/01\/tunnel_de_2004_3_-removebg-preview.png.webp\" width=\"43\" height=\"26\" \/><br \/>\nTr\u00e8s facile (majoritairement debout, quelques passages dos courb\u00e9 et un court \u201c4 pattes\u201d)<\/p>\n<p style=\"text-align: center;\"><img alt=\"\" loading=\"lazy\" decoding=\"async\" class=\"alignnone wp-image-25951960 aligncenter\" src=\"https:\/\/atm974.re\/wp-content\/smush-webp\/2026\/02\/temps-removebg-preview.png.webp\" width=\"24\" height=\"32\" \/>3 h 30 (Environ 2 h sous terre)<\/p>\n<p style=\"text-align: center;\"><strong><img alt=\"\" loading=\"lazy\" decoding=\"async\" class=\"alignnone wp-image-25951961\" src=\"https:\/\/atm974.re\/wp-content\/smush-webp\/2026\/02\/people-removebg-preview.png.webp\" width=\"38\" height=\"38\" \/><\/strong><br \/>\nd\u00e8s 5 ans<\/p>\n<p style=\"text-align: center;\"><img alt=\"\" loading=\"lazy\" decoding=\"async\" class=\"alignnone wp-image-25951963\" src=\"https:\/\/atm974.re\/wp-content\/smush-webp\/2026\/02\/cadeau-removebg-preview.png.webp\" width=\"46\" height=\"39\" \/><br \/>\nReportage mit Erinnerungsfoto inbegriffen. Erfrischungsgetr\u00e4nk am Ende des Ausflugs.<\/p>\n<p>&nbsp;<\/p>\n<\/div>\n<div>\n<p style=\"text-align: center;\"><img alt=\"\" loading=\"lazy\" decoding=\"async\" class=\"alignnone wp-image-25951962\" src=\"https:\/\/atm974.re\/wp-content\/smush-webp\/2026\/02\/argent-removebg-preview.png.webp\" width=\"46\" height=\"34\" \/><br \/>\n<strong>- Erwachsener: 55 \u20ac.<br \/>\n\u00b7 Enfant (5\u201312) : 45 \u20ac<br \/>\n- Erm\u00e4\u00dfigung f\u00fcr Gruppen (ab 4 Personen) : -5\u20ac \/ Person<br \/>\n- Privatisierung auf Anfrage m\u00f6glich<\/strong><\/p>\n<\/div>\n<\/div>\n<p>&nbsp;<\/p>\n<p>&nbsp;<\/p>","protected":false},"excerpt":{"rendered":"<div>\n<div>\n<p>Exploration accessible aux petits enfants comme aux grands-parents. Facilit\u00e9 d\u2019acc\u00e8s et volumes confortables permettent de d\u00e9couvrir l\u2019univers souterrain R\u00e9unionnais en toute s\u00e9r\u00e9nit\u00e9.<\/p>\n<\/div>\n<\/div>","protected":false},"featured_media":25952254,"template":"","meta":{"_seopress_robots_primary_cat":"none","_seopress_titles_title":"Tunnel de lave 2004 | Grotte Chocolat D\u00e9couverte \u2013 La R\u00e9union","_seopress_titles_desc":"Tunnel de lave 2004 (Grotte Chocolat D\u00e9couverte) : sortie famille tr\u00e8s facile, marche sur p\u0101hoehoe, grands volumes, concr\u00e9tions et couleurs. 3h30, d\u00e8s 5 ans.","_seopress_robots_index":"","_et_pb_use_builder":"","_et_pb_old_content":"","_et_gb_content_width":"","wds_primary_product_brand":0,"wds_primary_product_cat":0},"product_brand":[],"product_cat":[17],"product_tag":[],"class_list":{"0":"post-271","1":"product","2":"type-product","3":"status-publish","4":"has-post-thumbnail","6":"product_cat-non-classe","8":"first","9":"instock","10":"sold-individually","11":"shipping-taxable","12":"purchasable","13":"product-type-booking"},"_links":{"self":[{"href":"https:\/\/atm974.re\/de\/wp-json\/wp\/v2\/product\/271","targetHints":{"allow":["GET"]}}],"collection":[{"href":"https:\/\/atm974.re\/de\/wp-json\/wp\/v2\/product"}],"about":[{"href":"https:\/\/atm974.re\/de\/wp-json\/wp\/v2\/types\/product"}],"wp:featuredmedia":[{"embeddable":true,"href":"https:\/\/atm974.re\/de\/wp-json\/wp\/v2\/media\/25952254"}],"wp:attachment":[{"href":"https:\/\/atm974.re\/de\/wp-json\/wp\/v2\/media?parent=271"}],"wp:term":[{"taxonomy":"product_brand","embeddable":true,"href":"https:\/\/atm974.re\/de\/wp-json\/wp\/v2\/product_brand?post=271"},{"taxonomy":"product_cat","embeddable":true,"href":"https:\/\/atm974.re\/de\/wp-json\/wp\/v2\/product_cat?post=271"},{"taxonomy":"product_tag","embeddable":true,"href":"https:\/\/atm974.re\/de\/wp-json\/wp\/v2\/product_tag?post=271"}],"curies":[{"name":"wp","href":"https:\/\/api.w.org\/{rel}","templated":true}]}}