{"id":325,"date":"2025-11-05T18:49:04","date_gmt":"2025-11-05T14:49:04","guid":{"rendered":"https:\/\/atm.runweb-dev.re\/?post_type=product&#038;p=325"},"modified":"2026-03-04T17:16:59","modified_gmt":"2026-03-04T13:16:59","slug":"2004-la-grotte-chocolat-aventure","status":"publish","type":"product","link":"https:\/\/atm974.re\/de\/produkt\/2004-la-grotte-chocolat-aventure\/","title":{"rendered":"2004 - La Grotte Chocolat: Abenteuer"},"content":{"rendered":"<div>\n<div>\n<p><strong>Ce que vous allez vivre :<br \/>\n<\/strong>Avant l\u2019immersion, une marche d\u2019approche facile qui nous m\u00e8ne au bord de l\u2019oc\u00e9an, o\u00f9 se jette la coul\u00e9e. L\u2019occasion d\u2019aborder la formation de l\u2019\u00eele, des volcans et d\u2019appr\u00e9cier la v\u00e9g\u00e9tation typique des coul\u00e9es de lave. Nous p\u00e9n\u00e9trerons ensuite dans le tunnel par son entr\u00e9e la plus en aval : Le Salon Rouge. Passages bas, rampings et petits pas d\u2019escalade vont ponctuer la travers\u00e9e.<\/p>\n<\/div>\n<div>\n<div>\n<div>\n<p>\u00c0 l\u2019int\u00e9rieur, place aux volumes, concr\u00e9tions et couleurs sp\u00e9cifiques, qui font de cette exploration une exp\u00e9rience visuelle dont on se souvient longtemps !<\/p>\n<div>\n<p style=\"text-align: center;\">\n<\/div>\n<div style=\"text-align: center;\">\n<p>&nbsp;<\/p>\n<p><img alt=\"\" loading=\"lazy\" decoding=\"async\" class=\"alignnone wp-image-25951868\" src=\"https:\/\/atm974.re\/wp-content\/smush-webp\/2026\/01\/compteur_diff_moy-removebg-preview-1.png.webp\" width=\"39\" height=\"24\" \/><br \/>\nMoyenne (majoritairement debout, quelques passages dos courb\u00e9, \u201c4 pattes\u201d et rampings).<\/p>\n<p><img alt=\"\" loading=\"lazy\" decoding=\"async\" class=\"alignnone wp-image-25951960\" src=\"https:\/\/atm974.re\/wp-content\/smush-webp\/2026\/02\/temps-removebg-preview.png.webp\" width=\"24\" height=\"32\" \/><br \/>\n4 h 00 (Environ 3 h sous terre)<\/p>\n<p><strong><img alt=\"\" loading=\"lazy\" decoding=\"async\" class=\"alignnone wp-image-25951961\" src=\"https:\/\/atm974.re\/wp-content\/smush-webp\/2026\/02\/people-removebg-preview.png.webp\" width=\"38\" height=\"38\" \/><\/strong><br \/>\nab 7 Jahren<\/p>\n<p><img alt=\"\" loading=\"lazy\" decoding=\"async\" class=\"alignnone wp-image-25951963\" src=\"https:\/\/atm974.re\/wp-content\/smush-webp\/2026\/02\/cadeau-removebg-preview.png.webp\" width=\"46\" height=\"39\" \/><br \/>\nReportage mit Erinnerungsfoto inbegriffen. Erfrischungsgetr\u00e4nk am Ende des Ausflugs.<\/p>\n<p>&nbsp;<\/p>\n<\/div>\n<div>\n<p style=\"text-align: center;\"><img alt=\"\" loading=\"lazy\" decoding=\"async\" class=\"alignnone wp-image-25951962\" src=\"https:\/\/atm974.re\/wp-content\/smush-webp\/2026\/02\/argent-removebg-preview.png.webp\" width=\"46\" height=\"34\" \/><br \/>\n<strong>\u00b7 Adulte : 70 \u20ac<br \/>\n\u00b7 Enfant (7\u201312) : 60 \u20ac<br \/>\n- Erm\u00e4\u00dfigung f\u00fcr Gruppen (ab 4 Personen) : -5\u20ac \/ Person<br \/>\n- Privatisierung auf Anfrage m\u00f6glich<\/strong><\/p>\n<\/div>\n<\/div>\n<\/div>\n<\/div>\n<\/div>","protected":false},"excerpt":{"rendered":"<div>\n<div>\n<p>La coul\u00e9e de 2004 vue sous un aspect plus sportif et ludique. Une exploration compl\u00e8te !<\/p>\n<\/div>\n<\/div>","protected":false},"featured_media":25952244,"template":"","meta":{"_seopress_robots_primary_cat":"none","_seopress_titles_title":"Tunnel de lave 2004 | Grotte Chocolat Aventure \u2013 La R\u00e9union","_seopress_titles_desc":"Tunnel de lave 2004 (Grotte Chocolat Aventure) : entr\u00e9e \u201cSalon Rouge\u201d, passages bas, rampings et petite escalade. Travers\u00e9e plus ludique et sportive. 4h, d\u00e8s 7 ans.","_seopress_robots_index":"","_et_pb_use_builder":"","_et_pb_old_content":"","_et_gb_content_width":"","wds_primary_product_brand":0,"wds_primary_product_cat":0},"product_brand":[],"product_cat":[17],"product_tag":[],"class_list":{"0":"post-325","1":"product","2":"type-product","3":"status-publish","4":"has-post-thumbnail","6":"product_cat-non-classe","8":"first","9":"instock","10":"sold-individually","11":"shipping-taxable","12":"purchasable","13":"product-type-booking"},"_links":{"self":[{"href":"https:\/\/atm974.re\/de\/wp-json\/wp\/v2\/product\/325","targetHints":{"allow":["GET"]}}],"collection":[{"href":"https:\/\/atm974.re\/de\/wp-json\/wp\/v2\/product"}],"about":[{"href":"https:\/\/atm974.re\/de\/wp-json\/wp\/v2\/types\/product"}],"wp:featuredmedia":[{"embeddable":true,"href":"https:\/\/atm974.re\/de\/wp-json\/wp\/v2\/media\/25952244"}],"wp:attachment":[{"href":"https:\/\/atm974.re\/de\/wp-json\/wp\/v2\/media?parent=325"}],"wp:term":[{"taxonomy":"product_brand","embeddable":true,"href":"https:\/\/atm974.re\/de\/wp-json\/wp\/v2\/product_brand?post=325"},{"taxonomy":"product_cat","embeddable":true,"href":"https:\/\/atm974.re\/de\/wp-json\/wp\/v2\/product_cat?post=325"},{"taxonomy":"product_tag","embeddable":true,"href":"https:\/\/atm974.re\/de\/wp-json\/wp\/v2\/product_tag?post=325"}],"curies":[{"name":"wp","href":"https:\/\/api.w.org\/{rel}","templated":true}]}}