{"id":328,"date":"2025-11-05T18:53:00","date_gmt":"2025-11-05T14:53:00","guid":{"rendered":"https:\/\/atm.runweb-dev.re\/?post_type=product&#038;p=328"},"modified":"2026-03-06T18:32:45","modified_gmt":"2026-03-06T14:32:45","slug":"la-caverne-gendarmes","status":"publish","type":"product","link":"https:\/\/atm974.re\/de\/produkt\/la-caverne-gendarmes\/","title":{"rendered":"Die H\u00f6hle Gendarmen"},"content":{"rendered":"<p data-start=\"3982\" data-end=\"4634\"><strong data-start=\"4007\" data-end=\"4034\">Was Sie erleben werden<\/strong><\/p>\n<div>\n<div>\n<p>Der Start erfolgt an der K\u00fcste des Ozeans auf dem Parkplatz Puit Arabe. Der Tunnel liegt eingebettet in den dichten Regenwald, der typisch f\u00fcr den wilden S\u00fcden ist, und ist in etwa 30 Minuten zu Fu\u00df zu erreichen.<\/p>\n<\/div>\n<div>\n<p>Er besteht aus zwei Zweigen, von denen einer durch eine kleine Enge unterbrochen wird (nicht obligatorisch). Sie werden hier Farben und Lavaformationen entdecken, die es Ihnen erm\u00f6glichen, ohne Schwierigkeiten die unterirdische Welt zu entdecken.<\/p>\n<\/div>\n<\/div>\n<p>&nbsp;<\/p>\n<div>\n<div>\n<div style=\"text-align: center;\">\n<p><img alt=\"\" loading=\"lazy\" decoding=\"async\" class=\"alignnone wp-image-25951866\" src=\"https:\/\/atm974.re\/wp-content\/smush-webp\/2026\/01\/compteur_diff_facile-removebg-preview.png.webp\" width=\"41\" height=\"24\" \/><br \/>\nLeicht (\u00fcberwiegend stehend, einige Passagen mit gebeugtem R\u00fccken und ein kurzer \u201cVierbeiner\u201d).<\/p>\n<p><img alt=\"\" loading=\"lazy\" decoding=\"async\" class=\"alignnone wp-image-25951960\" src=\"https:\/\/atm974.re\/wp-content\/smush-webp\/2026\/02\/temps-removebg-preview.png.webp\" width=\"24\" height=\"32\" \/><br \/>\n3 Std. (ca. 1,5 Std. unter der Erde)<\/p>\n<p><strong><img alt=\"\" loading=\"lazy\" decoding=\"async\" class=\"alignnone wp-image-25951961\" src=\"https:\/\/atm974.re\/wp-content\/smush-webp\/2026\/02\/people-removebg-preview.png.webp\" width=\"38\" height=\"38\" \/><\/strong><br \/>\nab 7 Jahren<\/p>\n<p><img alt=\"\" loading=\"lazy\" decoding=\"async\" class=\"alignnone wp-image-25951963\" src=\"https:\/\/atm974.re\/wp-content\/smush-webp\/2026\/02\/cadeau-removebg-preview.png.webp\" width=\"46\" height=\"39\" \/><br \/>\nReportage mit Erinnerungsfoto inbegriffen. Erfrischungsgetr\u00e4nk am Ende des Ausflugs.<\/p>\n<p>&nbsp;<\/p>\n<\/div>\n<div>\n<p style=\"text-align: center;\"><img alt=\"\" loading=\"lazy\" decoding=\"async\" class=\"alignnone wp-image-25951962\" src=\"https:\/\/atm974.re\/wp-content\/smush-webp\/2026\/02\/argent-removebg-preview.png.webp\" width=\"46\" height=\"34\" \/><br \/>\n<strong>- Erwachsener: 55 \u20ac.<br \/>\n- Kind (7-12): 45 \u20ac.<br \/>\n- Erm\u00e4\u00dfigung f\u00fcr Gruppen (ab 4 Personen) : -5\u20ac \/ Person<br \/>\n- Privatisierung auf Anfrage m\u00f6glich<\/strong><\/p>\n<\/div>\n<\/div>\n<\/div>","protected":false},"excerpt":{"rendered":"<div>\n<div>\n<p>Erkundung nur zu Zeiten, in denen das Gehege geschlossen ist (Ausbruch)<\/p>\n<\/div>\n<\/div>","protected":false},"featured_media":25952234,"template":"","meta":{"_seopress_robots_primary_cat":"none","_seopress_titles_title":"Tunnel de lave Caverne Gendarme | Sud Sauvage La R\u00e9union","_seopress_titles_desc":"Caverne Gendarme : tunnel de lave du Sud Sauvage, propos\u00e9 quand l\u2019Enclos est ferm\u00e9. Marche depuis le Puit Arabe, parcours facile, couleurs et formations. D\u00e8s 7 ans.","_seopress_robots_index":"","_et_pb_use_builder":"","_et_pb_old_content":"","_et_gb_content_width":"","wds_primary_product_brand":0,"wds_primary_product_cat":0},"product_brand":[],"product_cat":[17],"product_tag":[],"class_list":{"0":"post-328","1":"product","2":"type-product","3":"status-publish","4":"has-post-thumbnail","6":"product_cat-non-classe","8":"first","9":"instock","10":"sold-individually","11":"shipping-taxable","12":"purchasable","13":"product-type-booking"},"_links":{"self":[{"href":"https:\/\/atm974.re\/de\/wp-json\/wp\/v2\/product\/328","targetHints":{"allow":["GET"]}}],"collection":[{"href":"https:\/\/atm974.re\/de\/wp-json\/wp\/v2\/product"}],"about":[{"href":"https:\/\/atm974.re\/de\/wp-json\/wp\/v2\/types\/product"}],"wp:featuredmedia":[{"embeddable":true,"href":"https:\/\/atm974.re\/de\/wp-json\/wp\/v2\/media\/25952234"}],"wp:attachment":[{"href":"https:\/\/atm974.re\/de\/wp-json\/wp\/v2\/media?parent=328"}],"wp:term":[{"taxonomy":"product_brand","embeddable":true,"href":"https:\/\/atm974.re\/de\/wp-json\/wp\/v2\/product_brand?post=328"},{"taxonomy":"product_cat","embeddable":true,"href":"https:\/\/atm974.re\/de\/wp-json\/wp\/v2\/product_cat?post=328"},{"taxonomy":"product_tag","embeddable":true,"href":"https:\/\/atm974.re\/de\/wp-json\/wp\/v2\/product_tag?post=328"}],"curies":[{"name":"wp","href":"https:\/\/api.w.org\/{rel}","templated":true}]}}