{"id":331,"date":"2025-11-05T18:55:03","date_gmt":"2025-11-05T14:55:03","guid":{"rendered":"https:\/\/atm.runweb-dev.re\/?post_type=product&#038;p=331"},"modified":"2026-03-04T17:16:00","modified_gmt":"2026-03-04T13:16:00","slug":"2007-la-coulee-du-siecle","status":"publish","type":"product","link":"https:\/\/atm974.re\/de\/produkt\/2007-la-coulee-du-siecle\/","title":{"rendered":"2007 - La Coul\u00e9e du Si\u00e8cle (Der Jahrhundert-Coul\u00e9e)"},"content":{"rendered":"<div>\n<div>\n<p>Avant l\u2019immersion, un temps d\u2019observation et d\u2019explications depuis un point de vue \u00e0 360\u00b0 sur la coul\u00e9e, son environnement et l\u2019oc\u00e9an.<\/p>\n<\/div>\n<div>\n<p>Situ\u00e9 \u00e0 quelques m\u00e8tres de l\u00e0, le porche d\u2019entr\u00e9e donne acc\u00e8s au tunnel qui se d\u00e9veloppe de part et d\u2019autre de la Route des Laves. L\u2019exploration, plut\u00f4t ascendante, sera ponctu\u00e9e par une petite escalade et une main courante d\u2019une vingtaine de m\u00e8tres.<\/p>\n<\/div>\n<div>\n<p>\u00c0 l\u2019int\u00e9rieur, vous y d\u00e9couvrirez entre autres de magnifiques \u201cconduites forc\u00e9es\u201d, des concr\u00e9tions de laves d\u00e9fiant les lois de la gravit\u00e9 et des puits de lumi\u00e8res qui illumineront votre exploration.<\/p>\n<\/div>\n<div>\n<p>Quant \u00e0 la sortie du tunnel&#8230; elle vaut \u00e0 elle seule le voyage !<\/p>\n<p>&nbsp;<\/p>\n<\/div>\n<\/div>\n<p>&nbsp;<\/p>\n<div>\n<div>\n<div style=\"text-align: center;\">\n<p><img alt=\"\" loading=\"lazy\" decoding=\"async\" class=\"alignnone wp-image-25951868\" src=\"https:\/\/atm974.re\/wp-content\/smush-webp\/2026\/01\/compteur_diff_moy-removebg-preview-1.png.webp\" width=\"39\" height=\"24\" \/><br \/>\nMoyenne (majoritairement debout, quelques passages dos courb\u00e9, \u201c4 pattes\u201d, ramping facultatif, corde et marche dans des blocs instables).<\/p>\n<p><img alt=\"\" loading=\"lazy\" decoding=\"async\" class=\"alignnone wp-image-25951960 aligncenter\" src=\"https:\/\/atm974.re\/wp-content\/smush-webp\/2026\/02\/temps-removebg-preview.png.webp\" width=\"24\" height=\"32\" \/>3 h 30 (Environ 3 h sous terre)<\/p>\n<p><strong><img alt=\"\" loading=\"lazy\" decoding=\"async\" class=\"alignnone wp-image-25951961\" src=\"https:\/\/atm974.re\/wp-content\/smush-webp\/2026\/02\/people-removebg-preview.png.webp\" width=\"38\" height=\"38\" \/><\/strong><br \/>\nab 7 Jahren<\/p>\n<p><img alt=\"\" loading=\"lazy\" decoding=\"async\" class=\"alignnone wp-image-25951963\" src=\"https:\/\/atm974.re\/wp-content\/smush-webp\/2026\/02\/cadeau-removebg-preview.png.webp\" width=\"46\" height=\"39\" \/><br \/>\nReportage mit Erinnerungsfoto inbegriffen. Erfrischungsgetr\u00e4nk am Ende des Ausflugs.<\/p>\n<p>&nbsp;<\/p>\n<\/div>\n<div>\n<p style=\"text-align: center;\"><img alt=\"\" loading=\"lazy\" decoding=\"async\" class=\"alignnone wp-image-25951962\" src=\"https:\/\/atm974.re\/wp-content\/smush-webp\/2026\/02\/argent-removebg-preview.png.webp\" width=\"46\" height=\"34\" \/><br \/>\n<strong>\u00b7 Adulte : 70 \u20ac<br \/>\n\u00b7 Enfant (7\u201312) : 60 \u20ac<br \/>\n- Erm\u00e4\u00dfigung f\u00fcr Gruppen (ab 4 Personen) : -5\u20ac \/ Person<br \/>\n- Privatisierung auf Anfrage m\u00f6glich<\/strong><\/p>\n<\/div>\n<\/div>\n<\/div>","protected":false},"excerpt":{"rendered":"<div>\n<div>\n<p>Explorez la derni\u00e8re coul\u00e9e qui a modifi\u00e9 le paysage du Piton de la Fournaise : de son c\u0153ur \u00e0 l\u2019oc\u00e9an.<\/p>\n<\/div>\n<\/div>","protected":false},"featured_media":25952221,"template":"","meta":{"_seopress_robots_primary_cat":"none","_seopress_titles_title":"Tunnel de lave 2007 | Coul\u00e9e du Si\u00e8cle (Grand Br\u00fbl\u00e9)","_seopress_titles_desc":"Tunnel de lave 2007 \u201cCoul\u00e9e du Si\u00e8cle\u201d \u00e0 La R\u00e9union : point de vue 360\u00b0, galeries sous la Route des Laves, puits de lumi\u00e8re, main courante. 3h30, d\u00e8s 7 ans.","_seopress_robots_index":"","_et_pb_use_builder":"","_et_pb_old_content":"","_et_gb_content_width":"","wds_primary_product_brand":0,"wds_primary_product_cat":0},"product_brand":[],"product_cat":[17],"product_tag":[],"class_list":{"0":"post-331","1":"product","2":"type-product","3":"status-publish","4":"has-post-thumbnail","6":"product_cat-non-classe","8":"first","9":"instock","10":"sold-individually","11":"shipping-taxable","12":"purchasable","13":"product-type-booking"},"_links":{"self":[{"href":"https:\/\/atm974.re\/de\/wp-json\/wp\/v2\/product\/331","targetHints":{"allow":["GET"]}}],"collection":[{"href":"https:\/\/atm974.re\/de\/wp-json\/wp\/v2\/product"}],"about":[{"href":"https:\/\/atm974.re\/de\/wp-json\/wp\/v2\/types\/product"}],"wp:featuredmedia":[{"embeddable":true,"href":"https:\/\/atm974.re\/de\/wp-json\/wp\/v2\/media\/25952221"}],"wp:attachment":[{"href":"https:\/\/atm974.re\/de\/wp-json\/wp\/v2\/media?parent=331"}],"wp:term":[{"taxonomy":"product_brand","embeddable":true,"href":"https:\/\/atm974.re\/de\/wp-json\/wp\/v2\/product_brand?post=331"},{"taxonomy":"product_cat","embeddable":true,"href":"https:\/\/atm974.re\/de\/wp-json\/wp\/v2\/product_cat?post=331"},{"taxonomy":"product_tag","embeddable":true,"href":"https:\/\/atm974.re\/de\/wp-json\/wp\/v2\/product_tag?post=331"}],"curies":[{"name":"wp","href":"https:\/\/api.w.org\/{rel}","templated":true}]}}