{"id":334,"date":"2025-11-05T18:58:14","date_gmt":"2025-11-05T14:58:14","guid":{"rendered":"https:\/\/atm.runweb-dev.re\/?post_type=product&#038;p=334"},"modified":"2026-03-04T17:15:33","modified_gmt":"2026-03-04T13:15:33","slug":"combo-2004-2007-le-must-du-grand-brule","status":"publish","type":"product","link":"https:\/\/atm974.re\/de\/produkt\/combo-2004-2007-le-must-du-grand-brule\/","title":{"rendered":"Combo 2004-2007 - der Must von Grand Br\u00fbl\u00e9"},"content":{"rendered":"<p data-start=\"6964\" data-end=\"7623\"><strong data-start=\"6989\" data-end=\"7016\">Ce que vous allez vivre :<\/strong><\/p>\n<p data-start=\"6964\" data-end=\"7623\">Tunnel de 2004 : nous d\u00e9buterons par cette belle coul\u00e9e de lave \u201ccord\u00e9e\u201d, aux formes et couleurs in\u00e9dites. Une introduction contemplative et sans difficult\u00e9 au monde souterrain R\u00e9unionnais.<\/p>\n<div>\n<div>\n<p>Tunnel de 2007 : \u00e0 quelques minutes en voiture, nous p\u00e9n\u00e9trerons ensuite dans cette coul\u00e9e \u201cen gratons\u201d o\u00f9 la progression est un peu plus sportive. Les volumes sans pareil et les magnifiques puits de lumi\u00e8res devraient finir de combler votre exp\u00e9rience.<\/p>\n<\/div>\n<div>\n<p>Une exploration : deux univers totalement diff\u00e9rents !<\/p>\n<p>&nbsp;<\/p>\n<\/div>\n<\/div>\n<p>&nbsp;<\/p>\n<div>\n<div>\n<div style=\"text-align: center;\">\n<p><img alt=\"\" loading=\"lazy\" decoding=\"async\" class=\"alignnone wp-image-25951868\" src=\"https:\/\/atm974.re\/wp-content\/smush-webp\/2026\/01\/compteur_diff_moy-removebg-preview-1.png.webp\" width=\"39\" height=\"24\" \/><br \/>\nMoyenne (majoritairement debout, quelques passages dos courb\u00e9, \u201c4 pattes\u201d, ramping facultatif, corde et marche dans des blocs instables).<\/p>\n<p><img alt=\"\" loading=\"lazy\" decoding=\"async\" class=\"alignnone wp-image-25951960 aligncenter\" src=\"https:\/\/atm974.re\/wp-content\/smush-webp\/2026\/02\/temps-removebg-preview.png.webp\" width=\"24\" height=\"32\" \/>5h 00 (Environ 3 h 30 sous terre)<\/p>\n<p><strong><img alt=\"\" loading=\"lazy\" decoding=\"async\" class=\"alignnone wp-image-25951961\" src=\"https:\/\/atm974.re\/wp-content\/smush-webp\/2026\/02\/people-removebg-preview.png.webp\" width=\"38\" height=\"38\" \/><\/strong><br \/>\nab 7 Jahren<\/p>\n<p><img alt=\"\" loading=\"lazy\" decoding=\"async\" class=\"alignnone wp-image-25951963\" src=\"https:\/\/atm974.re\/wp-content\/smush-webp\/2026\/02\/cadeau-removebg-preview.png.webp\" width=\"46\" height=\"39\" \/><br \/>\nReportage mit Erinnerungsfoto inbegriffen. Erfrischungsgetr\u00e4nk am Ende des Ausflugs.<\/p>\n<p>&nbsp;<\/p>\n<\/div>\n<div>\n<p style=\"text-align: center;\"><img alt=\"\" loading=\"lazy\" decoding=\"async\" class=\"alignnone wp-image-25951962\" src=\"https:\/\/atm974.re\/wp-content\/smush-webp\/2026\/02\/argent-removebg-preview.png.webp\" width=\"46\" height=\"34\" \/><br \/>\n<strong>\u00b7 Adulte : 90 \u20ac<br \/>\n\u00b7 Enfant (7\u201312) : 80 \u20ac<br \/>\n\u00b7 R\u00e9duction groupe (d\u00e8s 4 personnes) : \u201310\u20ac \/ personne<br \/>\n- Privatisierung auf Anfrage m\u00f6glich<\/strong><\/p>\n<\/div>\n<\/div>\n<\/div>","protected":false},"excerpt":{"rendered":"<div>\n<div>\n<p>2004 ? 2007 ? Vous ne savez pas lequel choisir ? parfait ! le combo est l\u00e0 pour \u00e7a.<\/p>\n<\/div>\n<\/div>","protected":false},"featured_media":25952202,"template":"","meta":{"_seopress_robots_primary_cat":"none","_seopress_titles_title":"Combo tunnel de lave 2004\/2007 | Grand Br\u00fbl\u00e9 La R\u00e9union","_seopress_titles_desc":"Combo tunnels de lave 2004 & 2007 au Grand Br\u00fbl\u00e9 : coul\u00e9e cord\u00e9e + gratons, puits de lumi\u00e8re, 2 ambiances en 1 sortie (5h). D\u00e8s 7 ans.","_seopress_robots_index":"","_et_pb_use_builder":"","_et_pb_old_content":"","_et_gb_content_width":"","wds_primary_product_brand":0,"wds_primary_product_cat":0},"product_brand":[],"product_cat":[17],"product_tag":[],"class_list":{"0":"post-334","1":"product","2":"type-product","3":"status-publish","4":"has-post-thumbnail","6":"product_cat-non-classe","8":"first","9":"instock","10":"sold-individually","11":"shipping-taxable","12":"purchasable","13":"product-type-booking"},"_links":{"self":[{"href":"https:\/\/atm974.re\/de\/wp-json\/wp\/v2\/product\/334","targetHints":{"allow":["GET"]}}],"collection":[{"href":"https:\/\/atm974.re\/de\/wp-json\/wp\/v2\/product"}],"about":[{"href":"https:\/\/atm974.re\/de\/wp-json\/wp\/v2\/types\/product"}],"wp:featuredmedia":[{"embeddable":true,"href":"https:\/\/atm974.re\/de\/wp-json\/wp\/v2\/media\/25952202"}],"wp:attachment":[{"href":"https:\/\/atm974.re\/de\/wp-json\/wp\/v2\/media?parent=334"}],"wp:term":[{"taxonomy":"product_brand","embeddable":true,"href":"https:\/\/atm974.re\/de\/wp-json\/wp\/v2\/product_brand?post=334"},{"taxonomy":"product_cat","embeddable":true,"href":"https:\/\/atm974.re\/de\/wp-json\/wp\/v2\/product_cat?post=334"},{"taxonomy":"product_tag","embeddable":true,"href":"https:\/\/atm974.re\/de\/wp-json\/wp\/v2\/product_tag?post=334"}],"curies":[{"name":"wp","href":"https:\/\/api.w.org\/{rel}","templated":true}]}}