{"id":25952131,"date":"2026-02-27T12:30:40","date_gmt":"2026-02-27T08:30:40","guid":{"rendered":"https:\/\/atm.runweb-dev.re\/?page_id=25952131"},"modified":"2026-02-27T13:39:51","modified_gmt":"2026-02-27T09:39:51","slug":"mentions-legales","status":"publish","type":"page","link":"https:\/\/atm974.re\/en\/mentions-legales\/","title":{"rendered":"Legal information"},"content":{"rendered":"<p>[et_pb_section fb_built=\u00a0\u00bb1&Prime; _builder_version=\u00a0\u00bb4.27.5&Prime; _module_preset=\u00a0\u00bbdefault\u00a0\u00bb global_colors_info=\u00a0\u00bb{}\u00a0\u00bb][et_pb_row _builder_version=\u00a0\u00bb4.27.5&Prime; _module_preset=\u00a0\u00bbdefault\u00a0\u00bb global_colors_info=\u00a0\u00bb{}\u00a0\u00bb][et_pb_column type=\u00a0\u00bb4_4&Prime; _builder_version=\u00a0\u00bb4.27.5&Prime; _module_preset=\u00a0\u00bbdefault\u00a0\u00bb global_colors_info=\u00a0\u00bb{}\u00a0\u00bb][et_pb_text _builder_version=\u00a0\u00bb4.27.5&Prime; _module_preset=\u00a0\u00bbdefault\u00a0\u00bb hover_enabled=\u00a0\u00bb0&Prime; global_colors_info=\u00a0\u00bb{}\u00a0\u00bb sticky_enabled=\u00a0\u00bb0&Prime;]<\/p>\n<h1 style=\"text-align: center;\">Mentions L\u00e9gales<\/h1>\n<p>[\/et_pb_text][\/et_pb_column][\/et_pb_row][et_pb_row _builder_version=\u00a0\u00bb4.27.5&Prime; _module_preset=\u00a0\u00bbdefault\u00a0\u00bb global_colors_info=\u00a0\u00bb{}\u00a0\u00bb][et_pb_column type=\u00a0\u00bb4_4&Prime; _builder_version=\u00a0\u00bb4.27.5&Prime; _module_preset=\u00a0\u00bbdefault\u00a0\u00bb global_colors_info=\u00a0\u00bb{}\u00a0\u00bb][et_pb_text _builder_version=\u00a0\u00bb4.27.5&Prime; _module_preset=\u00a0\u00bbdefault\u00a0\u00bb global_colors_info=\u00a0\u00bb{}\u00a0\u00bb]<\/p>\n<p>\u00a0<strong>Derni\u00e8re mise \u00e0 jour : 27\/02\/2026<\/strong><\/p>\n<h2>1) \u00c9diteur du site<\/h2>\n<p>Le site <strong>atm974.re<\/strong> (ci-apr\u00e8s le \u00ab Site \u00bb) est \u00e9dit\u00e9 par :<\/p>\n<ul>\n<li>\n<p><strong>Nom \/ D\u00e9nomination :<\/strong> Alexandre MEYER (Antre Terre et Mer \/ ATM 974)<\/p>\n<\/li>\n<li>\n<p><strong>Adresse :<\/strong> <strong>1A Impasse du Ruisseau \u2013 Les Avirons \u2013 R\u00e9union<\/strong><\/p>\n<\/li>\n<li>\n<p><strong>T\u00e9l\u00e9phone :<\/strong> <strong>06 93 21 48 04<\/strong><\/p>\n<\/li>\n<li>\n<p><strong>E-mail :<\/strong> <strong><a href=\"mailto:contact@atm974.re\">contact@atm974.re<\/a><\/strong><\/p>\n<\/li>\n<li>\n<p><strong>SIRET :<\/strong> <strong>82972834400021<\/strong><\/p>\n<\/li>\n<\/ul>\n<h2>2) Directeur de la publication<\/h2>\n<ul>\n<li>\n<p><strong>Directeur de la publication :<\/strong> Alexandre MEYER<\/p>\n<\/li>\n<\/ul>\n<h2>3) H\u00e9bergeur<\/h2>\n<p>Le Site est h\u00e9berg\u00e9 par :<\/p>\n<p><strong>Infomaniak Network SA<\/strong><\/p>\n<ul>\n<li>\n<p><strong>Si\u00e8ge de la soci\u00e9t\u00e9 :<\/strong> Les Acacias, Gen\u00e8ve, Suisse<\/p>\n<\/li>\n<li>\n<p><strong>Registre du commerce (canton de Gen\u00e8ve) :<\/strong> CH-660.0.059.996-1<\/p>\n<\/li>\n<li>\n<p><strong>Num\u00e9ro IDE\/TVA :<\/strong> CHE-103.167.648<\/p>\n<\/li>\n<\/ul>\n<h2>4) Contact<\/h2>\n<p>Pour toute demande, vous pouvez contacter l\u2019\u00e9diteur :<\/p>\n<ul>\n<li>\n<p>par e-mail : <strong><a href=\"mailto:contact@atm974.re\">contact@atm974.re<\/a><\/strong><\/p>\n<\/li>\n<li>\n<p>par t\u00e9l\u00e9phone : <strong>06 93 21 48 04<\/strong><\/p>\n<\/li>\n<li>\n<p>par courrier : <strong>1A Impasse du Ruisseau \u2013 Les Avirons \u2013 R\u00e9union<\/strong><\/p>\n<\/li>\n<\/ul>\n<h2>5) Acc\u00e8s au site<\/h2>\n<p>Le Site est accessible 24h\/24 et 7j\/7, sauf interruption programm\u00e9e ou non (maintenance, mise \u00e0 jour, contraintes techniques) ou cas de force majeure. L\u2019\u00e9diteur se r\u00e9serve le droit de suspendre ou limiter l\u2019acc\u00e8s \u00e0 tout ou partie du Site.<\/p>\n<h2>6) Propri\u00e9t\u00e9 intellectuelle<\/h2>\n<p>Sauf mention contraire, l\u2019ensemble des contenus pr\u00e9sents sur le Site (textes, photographies, images, logos, \u00e9l\u00e9ments graphiques, vid\u00e9os, documents, structure, arborescence, mise en page, etc.) est prot\u00e9g\u00e9 par le droit de la propri\u00e9t\u00e9 intellectuelle et demeure la propri\u00e9t\u00e9 exclusive de l\u2019\u00e9diteur ou de ses partenaires\/conc\u00e9dants.<\/p>\n<p>Toute reproduction, repr\u00e9sentation, modification, publication, adaptation, traduction, extraction ou r\u00e9utilisation, totale ou partielle, par quelque proc\u00e9d\u00e9 que ce soit, sans autorisation \u00e9crite pr\u00e9alable, est interdite.<\/p>\n<h2>7) Responsabilit\u00e9<\/h2>\n<p>L\u2019\u00e9diteur met en \u0153uvre des moyens raisonnables pour fournir des informations \u00e0 jour et exactes. Toutefois, l\u2019\u00e9diteur ne garantit pas l\u2019exactitude, la compl\u00e9tude ou l\u2019actualit\u00e9 des informations figurant sur le Site.<\/p>\n<p>L\u2019utilisateur reconna\u00eet utiliser le Site et les informations qui y figurent sous sa responsabilit\u00e9 exclusive. L\u2019\u00e9diteur ne pourra \u00eatre tenu responsable des dommages directs ou indirects pouvant r\u00e9sulter de l\u2019acc\u00e8s au Site, de son utilisation ou de l\u2019impossibilit\u00e9 d\u2019y acc\u00e9der.<\/p>\n<h2>8) Liens hypertextes<\/h2>\n<p>Le Site peut contenir des liens vers des sites tiers. L\u2019\u00e9diteur n\u2019exerce aucun contr\u00f4le sur ces sites et d\u00e9cline toute responsabilit\u00e9 quant \u00e0 leur contenu, leurs politiques ou leurs pratiques.<\/p>\n<p>La cr\u00e9ation de liens vers le Site est autoris\u00e9e sous r\u00e9serve :<\/p>\n<ul>\n<li>\n<p>de ne pas alt\u00e9rer l\u2019int\u00e9grit\u00e9 du Site,<\/p>\n<\/li>\n<li>\n<p>de ne pas cr\u00e9er de confusion sur la source des contenus\/services,<\/p>\n<\/li>\n<li>\n<p>de ne pas porter atteinte \u00e0 l\u2019image de l\u2019\u00e9diteur.<\/p>\n<\/li>\n<\/ul>\n<h2>9) Donn\u00e9es personnelles<\/h2>\n<p>Le Site peut permettre la collecte et le traitement de donn\u00e9es personnelles (ex. formulaire de contact).<br \/>Le responsable de traitement est <strong>Alexandre MEYER<\/strong> (coordonn\u00e9es \u00e0 l\u2019article 1).<\/p>\n<p>Pour plus d\u2019informations sur les traitements, les finalit\u00e9s, les dur\u00e9es de conservation, les destinataires et l\u2019exercice de vos droits (acc\u00e8s, rectification, effacement, opposition, limitation, portabilit\u00e9), veuillez consulter la <strong>Politique de confidentialit\u00e9<\/strong> du Site.<\/p>\n<h2>10) Cookies<\/h2>\n<p>Le Site peut utiliser des cookies et\/ou traceurs :<\/p>\n<ul>\n<li>\n<p>n\u00e9cessaires au fonctionnement du Site,<\/p>\n<\/li>\n<li>\n<p>et, le cas \u00e9ch\u00e9ant, de mesure d\u2019audience ou de services tiers.<\/p>\n<\/li>\n<\/ul>\n<p>Lorsque requis, les cookies non essentiels sont soumis \u00e0 votre consentement (bandeau cookies). Les modalit\u00e9s d\u00e9taill\u00e9es figurent dans la <strong>Politique cookies<\/strong> (si publi\u00e9e) ou la <strong>Politique de confidentialit\u00e9<\/strong>.<\/p>\n<h2>11) Droit applicable<\/h2>\n<p>Les pr\u00e9sentes mentions l\u00e9gales sont soumises au <strong>droit fran\u00e7ais<\/strong>.<br \/>En cas de litige, et \u00e0 d\u00e9faut de r\u00e9solution amiable, les tribunaux comp\u00e9tents seront saisis conform\u00e9ment aux r\u00e8gles de droit commun.<\/p>\n<p>[\/et_pb_text][\/et_pb_column][\/et_pb_row][\/et_pb_section]<\/p>\n","protected":false},"excerpt":{"rendered":"<p>Mentions L\u00e9gales\u00a0Derni\u00e8re mise \u00e0 jour : 27\/02\/2026 1) \u00c9diteur du site Le site atm974.re (ci-apr\u00e8s le \u00ab Site \u00bb) est \u00e9dit\u00e9 par : Nom \/ D\u00e9nomination : Alexandre MEYER (Antre Terre et Mer \/ ATM 974) Adresse : 1A Impasse du Ruisseau \u2013 Les Avirons \u2013 R\u00e9union T\u00e9l\u00e9phone : 06 93 21 48 04 E-mail [&hellip;]<\/p>\n","protected":false},"author":1,"featured_media":0,"parent":0,"menu_order":0,"comment_status":"closed","ping_status":"closed","template":"","meta":{"_seopress_robots_primary_cat":"","_seopress_titles_title":"","_seopress_titles_desc":"","_seopress_robots_index":"yes","_et_pb_use_builder":"on","_et_pb_old_content":"","_et_gb_content_width":"","footnotes":""},"dipi_cpt_category":[],"class_list":["post-25952131","page","type-page","status-publish","hentry"],"_links":{"self":[{"href":"https:\/\/atm974.re\/en\/wp-json\/wp\/v2\/pages\/25952131","targetHints":{"allow":["GET"]}}],"collection":[{"href":"https:\/\/atm974.re\/en\/wp-json\/wp\/v2\/pages"}],"about":[{"href":"https:\/\/atm974.re\/en\/wp-json\/wp\/v2\/types\/page"}],"author":[{"embeddable":true,"href":"https:\/\/atm974.re\/en\/wp-json\/wp\/v2\/users\/1"}],"replies":[{"embeddable":true,"href":"https:\/\/atm974.re\/en\/wp-json\/wp\/v2\/comments?post=25952131"}],"version-history":[{"count":0,"href":"https:\/\/atm974.re\/en\/wp-json\/wp\/v2\/pages\/25952131\/revisions"}],"wp:attachment":[{"href":"https:\/\/atm974.re\/en\/wp-json\/wp\/v2\/media?parent=25952131"}],"wp:term":[{"taxonomy":"dipi_cpt_category","embeddable":true,"href":"https:\/\/atm974.re\/en\/wp-json\/wp\/v2\/dipi_cpt_category?post=25952131"}],"curies":[{"name":"wp","href":"https:\/\/api.w.org\/{rel}","templated":true}]}}