{"id":25951970,"date":"2026-02-16T02:02:00","date_gmt":"2026-02-15T22:02:00","guid":{"rendered":"https:\/\/atm.runweb-dev.re\/?post_type=product&#038;p=25951970"},"modified":"2026-03-04T17:14:12","modified_gmt":"2026-03-04T13:14:12","slug":"tunnel-de-bassin-bleu-le-tunnel-de-louest","status":"publish","type":"product","link":"https:\/\/atm974.re\/en\/product\/tunnel-de-bassin-bleu-le-tunnel-de-louest\/","title":{"rendered":"Bassin Bleu Tunnel - The Western Tunnel"},"content":{"rendered":"<div>\n<p><strong>What you'll experience:<\/strong><\/p>\n<div>\n<div>\n<p>Nestling just a few metres above the eponymous pool, we enter the tunnel via a short, easy climb.<\/p>\n<\/div>\n<div>\n<p>Two \u201c4-legged\u201d passages will enhance your progress in a gallery of unexpected and impressive dimensions.<\/p>\n<\/div>\n<div>\n<p>A colony of Mascarene Salanganes, calcite stalagtites, hydro-magnesite... so many features unique to this cave, making this an unforgettable exploration.<\/p>\n<\/div>\n<div>\n<p>To round off the outing, a short abseil (zip line available on request and depending on the size of the group).<\/p>\n<\/div>\n<\/div>\n<\/div>\n<p>&nbsp;<\/p>\n<p>&nbsp;<\/p>\n<div>\n<div>\n<div>\n<div style=\"text-align: center;\">\n<p><img alt=\"\" loading=\"lazy\" decoding=\"async\" class=\"alignnone wp-image-25951866\" src=\"https:\/\/atm974.re\/wp-content\/smush-webp\/2026\/01\/compteur_diff_facile-removebg-preview.png.webp\" width=\"41\" height=\"24\" \/><br \/>\nEasy (mostly standing, with a few bent-back, 4-legged and roped passages). Climbing and abseiling are not difficult, as the rope (and guide!) are there for back-up and assistance.<\/p>\n<p><img alt=\"\" loading=\"lazy\" decoding=\"async\" class=\"alignnone wp-image-25951960 aligncenter\" src=\"https:\/\/atm974.re\/wp-content\/smush-webp\/2026\/02\/temps-removebg-preview.png.webp\" width=\"24\" height=\"32\" \/>3 h 30 (approx. 2 h 30 underground); 4 h 00 with zip line<\/p>\n<p><strong><img alt=\"\" loading=\"lazy\" decoding=\"async\" class=\"alignnone wp-image-25951961\" src=\"https:\/\/atm974.re\/wp-content\/smush-webp\/2026\/02\/people-removebg-preview.png.webp\" width=\"38\" height=\"38\" \/><\/strong><br \/>\nfrom 5 years<\/p>\n<p><img alt=\"\" loading=\"lazy\" decoding=\"async\" class=\"alignnone wp-image-25951963\" src=\"https:\/\/atm974.re\/wp-content\/smush-webp\/2026\/02\/cadeau-removebg-preview.png.webp\" width=\"46\" height=\"39\" \/><br \/>\nPhoto report included. Refreshments offered at the end of the outing.<\/p>\n<p>&nbsp;<\/p>\n<\/div>\n<div>\n<p style=\"text-align: center;\"><img alt=\"\" loading=\"lazy\" decoding=\"async\" class=\"alignnone wp-image-25951962\" src=\"https:\/\/atm974.re\/wp-content\/smush-webp\/2026\/02\/argent-removebg-preview.png.webp\" width=\"46\" height=\"34\" \/><br \/>\n<strong>- Adults: \u20ac60<br \/>\n- Children (5-12): \u20ac50<br \/>\n- Group discount (from 4 people) : -5\u20ac \/ person<br \/>\n- Privatisation available on request<\/strong><\/p>\n<\/div>\n<\/div>\n<\/div>\n<\/div>","protected":false},"excerpt":{"rendered":"<div>\n<div>\n<p>Emerging from the island's founding volcano, this 350,000-year-old tunnel offers a unique volcanic caving experience! Ropes, progression, volumes and concretions offer, in my opinion, the most \u201ccaving\u201d experience on the island.<\/p>\n<\/div>\n<\/div>","protected":false},"featured_media":25952195,"template":"","meta":{"_seopress_robots_primary_cat":"none","_seopress_titles_title":"Tunnel de lave Bassin Bleu | Sp\u00e9l\u00e9ologie volcanique Ouest R\u00e9union","_seopress_titles_desc":"Tunnel de lave Bassin Bleu \u00e0 La R\u00e9union : entr\u00e9e par escalade facile, passages \u201c4 pattes\u201d, rappel (tyrolienne possible). Concr\u00e9tions, salanganes. D\u00e8s 5 ans.","_seopress_robots_index":"","_et_pb_use_builder":"","_et_pb_old_content":"","_et_gb_content_width":"","wds_primary_product_brand":0,"wds_primary_product_cat":0},"product_brand":[],"product_cat":[17],"product_tag":[],"class_list":{"0":"post-25951970","1":"product","2":"type-product","3":"status-publish","4":"has-post-thumbnail","6":"product_cat-non-classe","8":"first","9":"instock","10":"sold-individually","11":"shipping-taxable","12":"purchasable","13":"product-type-booking"},"_links":{"self":[{"href":"https:\/\/atm974.re\/en\/wp-json\/wp\/v2\/product\/25951970","targetHints":{"allow":["GET"]}}],"collection":[{"href":"https:\/\/atm974.re\/en\/wp-json\/wp\/v2\/product"}],"about":[{"href":"https:\/\/atm974.re\/en\/wp-json\/wp\/v2\/types\/product"}],"wp:featuredmedia":[{"embeddable":true,"href":"https:\/\/atm974.re\/en\/wp-json\/wp\/v2\/media\/25952195"}],"wp:attachment":[{"href":"https:\/\/atm974.re\/en\/wp-json\/wp\/v2\/media?parent=25951970"}],"wp:term":[{"taxonomy":"product_brand","embeddable":true,"href":"https:\/\/atm974.re\/en\/wp-json\/wp\/v2\/product_brand?post=25951970"},{"taxonomy":"product_cat","embeddable":true,"href":"https:\/\/atm974.re\/en\/wp-json\/wp\/v2\/product_cat?post=25951970"},{"taxonomy":"product_tag","embeddable":true,"href":"https:\/\/atm974.re\/en\/wp-json\/wp\/v2\/product_tag?post=25951970"}],"curies":[{"name":"wp","href":"https:\/\/api.w.org\/{rel}","templated":true}]}}