{"id":25951978,"date":"2026-02-16T02:15:08","date_gmt":"2026-02-15T22:15:08","guid":{"rendered":"https:\/\/atm.runweb-dev.re\/?post_type=product&#038;p=25951978"},"modified":"2026-05-04T14:40:32","modified_gmt":"2026-05-04T10:40:32","slug":"tunnels-de-la-riviere-des-remparts","status":"publish","type":"product","link":"https:\/\/atm974.re\/en\/product\/tunnels-de-la-riviere-des-remparts\/","title":{"rendered":"Rivi\u00e8re des Remparts tunnels"},"content":{"rendered":"<div>\n<p><strong>What you'll experience:<\/strong><\/p>\n<div>\n<div>\n<div>\n<p>C\u2019est 450 m\u00e8tres de d\u00e9nivel\u00e9 sous le Nez de B\u0153uf que nous parcourrons cette ravine de Citrons Galets, en alternant marche et rappels. Tant\u00f4t sous d\u2019immenses plafonds de lave, tant\u00f4t sous une magnifique canop\u00e9e tropicale, c\u2019est dans un cadre sauvage et pr\u00e9serv\u00e9 que vous allez vivre cette aventure hors du temps.<\/p>\n<\/div>\n<div>\n<p>Pour finir, nous remonterons d\u2019abord tranquillement le sentier qui borde la ravine avant de terminer tranquillement par la remont\u00e9e du rempart !<\/p>\n<\/div>\n<div>\n<p>LA sortie sportive et sp\u00e9l\u00e9o de l\u2019\u00eele.<\/p>\n<\/div>\n<\/div>\n<\/div>\n<\/div>\n<p>&nbsp;<\/p>\n<p>&nbsp;<\/p>\n<div>\n<div>\n<div>\n<div>\n<div style=\"text-align: center;\">\n<p><img alt=\"\" loading=\"lazy\" decoding=\"async\" class=\"alignnone wp-image-25951869\" src=\"https:\/\/atm974.re\/wp-content\/smush-webp\/2026\/01\/compteur_diff_sport-removebg-preview.png.webp\" width=\"41\" height=\"24\" \/><br \/>\nSPORTIVE (D\u00e9nivel\u00e9 n\u00e9gatif et positif, rappels, marche technique)<\/p>\n<p><img alt=\"\" loading=\"lazy\" decoding=\"async\" class=\"alignnone wp-image-25951960 aligncenter\" src=\"https:\/\/atm974.re\/wp-content\/smush-webp\/2026\/02\/temps-removebg-preview.png.webp\" width=\"21\" height=\"28\" \/>8 h 00<\/p>\n<p><strong><img alt=\"\" loading=\"lazy\" decoding=\"async\" class=\"alignnone wp-image-25951961\" src=\"https:\/\/atm974.re\/wp-content\/smush-webp\/2026\/02\/people-removebg-preview.png.webp\" width=\"38\" height=\"38\" \/><\/strong><br \/>\nAdultes uniquement<\/p>\n<p><img alt=\"\" loading=\"lazy\" decoding=\"async\" class=\"alignnone wp-image-25951963\" src=\"https:\/\/atm974.re\/wp-content\/smush-webp\/2026\/02\/cadeau-removebg-preview.png.webp\" width=\"46\" height=\"39\" \/><br \/>\nPhoto report included. Refreshments offered at the end of the outing.<\/p>\n<p>&nbsp;<\/p>\n<\/div>\n<div>\n<p style=\"text-align: center;\"><img alt=\"\" loading=\"lazy\" decoding=\"async\" class=\"alignnone wp-image-25951962\" src=\"https:\/\/atm974.re\/wp-content\/smush-webp\/2026\/02\/argent-removebg-preview.png.webp\" width=\"46\" height=\"34\" \/><br \/>\n<strong>- Adults: \u20ac90<br \/>\n\u00b7 R\u00e9duction groupe (d\u00e8s 4 personnes) : \u201320\u20ac \/ personne<br \/>\n- Privatisation available on request<\/strong><\/p>\n<\/div>\n<\/div>\n<\/div>\n<\/div>\n<\/div>","protected":false},"excerpt":{"rendered":"<div>\n<div>\n<div>\n<div>\n<p>Vous avez grimp\u00e9 Les Salazes et descendu les canyons de l\u2019\u00eele ? Parfait ! Il ne vous manque plus qu\u2019\u00e0 parcourir ces tunnels nich\u00e9s au c\u0153ur de la Rivi\u00e8re des Remparts.<\/p>\n<\/div>\n<\/div>\n<\/div>\n<\/div>","protected":false},"featured_media":25952182,"template":"","meta":{"_seopress_robots_primary_cat":"none","_seopress_titles_title":"Tunnels de lave Rivi\u00e8re des Remparts | Aventure sportive R\u00e9union","_seopress_titles_desc":"Sp\u00e9l\u00e9ologie en tunnel de lave \u00e0 La R\u00e9union (Rivi\u00e8re des Remparts \/ Citrons Galets) : sortie sportive 8h, 450 m de d\u00e9nivel\u00e9, marche technique + rappels.","_seopress_robots_index":"","_et_pb_use_builder":"","_et_pb_old_content":"","_et_gb_content_width":"","wds_primary_product_brand":0,"wds_primary_product_cat":0},"product_brand":[],"product_cat":[17],"product_tag":[],"class_list":{"0":"post-25951978","1":"product","2":"type-product","3":"status-publish","4":"has-post-thumbnail","6":"product_cat-non-classe","8":"first","9":"instock","10":"sold-individually","11":"shipping-taxable","12":"purchasable","13":"product-type-booking"},"_links":{"self":[{"href":"https:\/\/atm974.re\/en\/wp-json\/wp\/v2\/product\/25951978","targetHints":{"allow":["GET"]}}],"collection":[{"href":"https:\/\/atm974.re\/en\/wp-json\/wp\/v2\/product"}],"about":[{"href":"https:\/\/atm974.re\/en\/wp-json\/wp\/v2\/types\/product"}],"wp:featuredmedia":[{"embeddable":true,"href":"https:\/\/atm974.re\/en\/wp-json\/wp\/v2\/media\/25952182"}],"wp:attachment":[{"href":"https:\/\/atm974.re\/en\/wp-json\/wp\/v2\/media?parent=25951978"}],"wp:term":[{"taxonomy":"product_brand","embeddable":true,"href":"https:\/\/atm974.re\/en\/wp-json\/wp\/v2\/product_brand?post=25951978"},{"taxonomy":"product_cat","embeddable":true,"href":"https:\/\/atm974.re\/en\/wp-json\/wp\/v2\/product_cat?post=25951978"},{"taxonomy":"product_tag","embeddable":true,"href":"https:\/\/atm974.re\/en\/wp-json\/wp\/v2\/product_tag?post=25951978"}],"curies":[{"name":"wp","href":"https:\/\/api.w.org\/{rel}","templated":true}]}}