{"id":331,"date":"2025-11-05T18:55:03","date_gmt":"2025-11-05T14:55:03","guid":{"rendered":"https:\/\/atm.runweb-dev.re\/?post_type=product&#038;p=331"},"modified":"2026-03-04T17:16:00","modified_gmt":"2026-03-04T13:16:00","slug":"2007-la-coulee-du-siecle","status":"publish","type":"product","link":"https:\/\/atm974.re\/en\/product\/2007-la-coulee-du-siecle\/","title":{"rendered":"2007 - La Coul\u00e9e du Si\u00e8cle"},"content":{"rendered":"<div>\n<div>\n<p>Before the immersion, a time for observation and explanations from a 360\u00b0 viewpoint of the flow, its environment and the ocean.<\/p>\n<\/div>\n<div>\n<p>Just a few metres away, the entrance porch gives access to the tunnel that runs along both sides of the Route des Laves. The exploration, which tends to be uphill, is punctuated by a short climb and a handrail some twenty metres long.<\/p>\n<\/div>\n<div>\n<p>Inside, you'll discover magnificent \u201cpenstocks\u201d, gravity-defying lava concretions and shafts of light that will light up your exploration.<\/p>\n<\/div>\n<div>\n<p>As for the exit from the tunnel... it's worth the trip in itself!<\/p>\n<p>&nbsp;<\/p>\n<\/div>\n<\/div>\n<p>&nbsp;<\/p>\n<div>\n<div>\n<div style=\"text-align: center;\">\n<p><img alt=\"\" loading=\"lazy\" decoding=\"async\" class=\"alignnone wp-image-25951868\" src=\"https:\/\/atm974.re\/wp-content\/smush-webp\/2026\/01\/compteur_diff_moy-removebg-preview-1.png.webp\" width=\"39\" height=\"24\" \/><br \/>\nMedium (mostly standing, some bent-back sections, \u201c4-legs\u201d, optional crawling, rope and walking on unstable boulders).<\/p>\n<p><img alt=\"\" loading=\"lazy\" decoding=\"async\" class=\"alignnone wp-image-25951960 aligncenter\" src=\"https:\/\/atm974.re\/wp-content\/smush-webp\/2026\/02\/temps-removebg-preview.png.webp\" width=\"24\" height=\"32\" \/>3 h 30 (Approximately 3 h underground)<\/p>\n<p><strong><img alt=\"\" loading=\"lazy\" decoding=\"async\" class=\"alignnone wp-image-25951961\" src=\"https:\/\/atm974.re\/wp-content\/smush-webp\/2026\/02\/people-removebg-preview.png.webp\" width=\"38\" height=\"38\" \/><\/strong><br \/>\nfrom 7 years<\/p>\n<p><img alt=\"\" loading=\"lazy\" decoding=\"async\" class=\"alignnone wp-image-25951963\" src=\"https:\/\/atm974.re\/wp-content\/smush-webp\/2026\/02\/cadeau-removebg-preview.png.webp\" width=\"46\" height=\"39\" \/><br \/>\nPhoto report included. Refreshments offered at the end of the outing.<\/p>\n<p>&nbsp;<\/p>\n<\/div>\n<div>\n<p style=\"text-align: center;\"><img alt=\"\" loading=\"lazy\" decoding=\"async\" class=\"alignnone wp-image-25951962\" src=\"https:\/\/atm974.re\/wp-content\/smush-webp\/2026\/02\/argent-removebg-preview.png.webp\" width=\"46\" height=\"34\" \/><br \/>\n<strong>- Adults: \u20ac70<br \/>\n- Children (7-12): \u20ac60<br \/>\n- Group discount (from 4 people) : -5\u20ac \/ person<br \/>\n- Privatisation available on request<\/strong><\/p>\n<\/div>\n<\/div>\n<\/div>","protected":false},"excerpt":{"rendered":"<div>\n<div>\n<p>Explore the last flow that changed the landscape of Piton de la Fournaise: from its heart to the ocean.<\/p>\n<\/div>\n<\/div>","protected":false},"featured_media":25952221,"template":"","meta":{"_seopress_robots_primary_cat":"none","_seopress_titles_title":"Tunnel de lave 2007 | Coul\u00e9e du Si\u00e8cle (Grand Br\u00fbl\u00e9)","_seopress_titles_desc":"Tunnel de lave 2007 \u201cCoul\u00e9e du Si\u00e8cle\u201d \u00e0 La R\u00e9union : point de vue 360\u00b0, galeries sous la Route des Laves, puits de lumi\u00e8re, main courante. 3h30, d\u00e8s 7 ans.","_seopress_robots_index":"","_et_pb_use_builder":"","_et_pb_old_content":"","_et_gb_content_width":"","wds_primary_product_brand":0,"wds_primary_product_cat":0},"product_brand":[],"product_cat":[17],"product_tag":[],"class_list":{"0":"post-331","1":"product","2":"type-product","3":"status-publish","4":"has-post-thumbnail","6":"product_cat-non-classe","8":"first","9":"instock","10":"sold-individually","11":"shipping-taxable","12":"purchasable","13":"product-type-booking"},"_links":{"self":[{"href":"https:\/\/atm974.re\/en\/wp-json\/wp\/v2\/product\/331","targetHints":{"allow":["GET"]}}],"collection":[{"href":"https:\/\/atm974.re\/en\/wp-json\/wp\/v2\/product"}],"about":[{"href":"https:\/\/atm974.re\/en\/wp-json\/wp\/v2\/types\/product"}],"wp:featuredmedia":[{"embeddable":true,"href":"https:\/\/atm974.re\/en\/wp-json\/wp\/v2\/media\/25952221"}],"wp:attachment":[{"href":"https:\/\/atm974.re\/en\/wp-json\/wp\/v2\/media?parent=331"}],"wp:term":[{"taxonomy":"product_brand","embeddable":true,"href":"https:\/\/atm974.re\/en\/wp-json\/wp\/v2\/product_brand?post=331"},{"taxonomy":"product_cat","embeddable":true,"href":"https:\/\/atm974.re\/en\/wp-json\/wp\/v2\/product_cat?post=331"},{"taxonomy":"product_tag","embeddable":true,"href":"https:\/\/atm974.re\/en\/wp-json\/wp\/v2\/product_tag?post=331"}],"curies":[{"name":"wp","href":"https:\/\/api.w.org\/{rel}","templated":true}]}}