{"id":334,"date":"2025-11-05T18:58:14","date_gmt":"2025-11-05T14:58:14","guid":{"rendered":"https:\/\/atm.runweb-dev.re\/?post_type=product&#038;p=334"},"modified":"2026-03-04T17:15:33","modified_gmt":"2026-03-04T13:15:33","slug":"combo-2004-2007-le-must-du-grand-brule","status":"publish","type":"product","link":"https:\/\/atm974.re\/en\/product\/combo-2004-2007-le-must-du-grand-brule\/","title":{"rendered":"Combo 2004-2007 - le Must du Grand Br\u00fbl\u00e9"},"content":{"rendered":"<p data-start=\"6964\" data-end=\"7623\"><strong data-start=\"6989\" data-end=\"7016\">What you'll experience:<\/strong><\/p>\n<p data-start=\"6964\" data-end=\"7623\">Tunnel of 2004: we start with this beautiful \u201ccorded\u201d lava flow, with its unusual shapes and colours. A contemplative and easy introduction to the underground world of R\u00e9union.<\/p>\n<div>\n<div>\n<p>Tunnel de 2007: just a few minutes away by car, we then enter this \u201cen gratons\u201d passage where the progression is a little more sporting. The unparalleled volumes and magnificent skylights should complete your experience.<\/p>\n<\/div>\n<div>\n<p>Exploration: two totally different worlds!<\/p>\n<p>&nbsp;<\/p>\n<\/div>\n<\/div>\n<p>&nbsp;<\/p>\n<div>\n<div>\n<div style=\"text-align: center;\">\n<p><img alt=\"\" loading=\"lazy\" decoding=\"async\" class=\"alignnone wp-image-25951868\" src=\"https:\/\/atm974.re\/wp-content\/smush-webp\/2026\/01\/compteur_diff_moy-removebg-preview-1.png.webp\" width=\"39\" height=\"24\" \/><br \/>\nMedium (mostly standing, some bent-back sections, \u201c4-legs\u201d, optional crawling, rope and walking on unstable boulders).<\/p>\n<p><img alt=\"\" loading=\"lazy\" decoding=\"async\" class=\"alignnone wp-image-25951960 aligncenter\" src=\"https:\/\/atm974.re\/wp-content\/smush-webp\/2026\/02\/temps-removebg-preview.png.webp\" width=\"24\" height=\"32\" \/>5h 00 (Approximately 3 h 30 underground)<\/p>\n<p><strong><img alt=\"\" loading=\"lazy\" decoding=\"async\" class=\"alignnone wp-image-25951961\" src=\"https:\/\/atm974.re\/wp-content\/smush-webp\/2026\/02\/people-removebg-preview.png.webp\" width=\"38\" height=\"38\" \/><\/strong><br \/>\nfrom 7 years<\/p>\n<p><img alt=\"\" loading=\"lazy\" decoding=\"async\" class=\"alignnone wp-image-25951963\" src=\"https:\/\/atm974.re\/wp-content\/smush-webp\/2026\/02\/cadeau-removebg-preview.png.webp\" width=\"46\" height=\"39\" \/><br \/>\nPhoto report included. Refreshments offered at the end of the outing.<\/p>\n<p>&nbsp;<\/p>\n<\/div>\n<div>\n<p style=\"text-align: center;\"><img alt=\"\" loading=\"lazy\" decoding=\"async\" class=\"alignnone wp-image-25951962\" src=\"https:\/\/atm974.re\/wp-content\/smush-webp\/2026\/02\/argent-removebg-preview.png.webp\" width=\"46\" height=\"34\" \/><br \/>\n<strong>- Adults: \u20ac90<br \/>\n- Children (7-12): \u20ac80<br \/>\n- Group discount (from 4 people) : -10\u20ac \/ person<br \/>\n- Privatisation available on request<\/strong><\/p>\n<\/div>\n<\/div>\n<\/div>","protected":false},"excerpt":{"rendered":"<div>\n<div>\n<p>2004 ? 2007 ? You don't know which one to choose? Perfect! That's what the combo is for.<\/p>\n<\/div>\n<\/div>","protected":false},"featured_media":25952202,"template":"","meta":{"_seopress_robots_primary_cat":"none","_seopress_titles_title":"Combo tunnel de lave 2004\/2007 | Grand Br\u00fbl\u00e9 La R\u00e9union","_seopress_titles_desc":"Combo tunnels de lave 2004 & 2007 au Grand Br\u00fbl\u00e9 : coul\u00e9e cord\u00e9e + gratons, puits de lumi\u00e8re, 2 ambiances en 1 sortie (5h). D\u00e8s 7 ans.","_seopress_robots_index":"","_et_pb_use_builder":"","_et_pb_old_content":"","_et_gb_content_width":"","wds_primary_product_brand":0,"wds_primary_product_cat":0},"product_brand":[],"product_cat":[17],"product_tag":[],"class_list":{"0":"post-334","1":"product","2":"type-product","3":"status-publish","4":"has-post-thumbnail","6":"product_cat-non-classe","8":"first","9":"instock","10":"sold-individually","11":"shipping-taxable","12":"purchasable","13":"product-type-booking"},"_links":{"self":[{"href":"https:\/\/atm974.re\/en\/wp-json\/wp\/v2\/product\/334","targetHints":{"allow":["GET"]}}],"collection":[{"href":"https:\/\/atm974.re\/en\/wp-json\/wp\/v2\/product"}],"about":[{"href":"https:\/\/atm974.re\/en\/wp-json\/wp\/v2\/types\/product"}],"wp:featuredmedia":[{"embeddable":true,"href":"https:\/\/atm974.re\/en\/wp-json\/wp\/v2\/media\/25952202"}],"wp:attachment":[{"href":"https:\/\/atm974.re\/en\/wp-json\/wp\/v2\/media?parent=334"}],"wp:term":[{"taxonomy":"product_brand","embeddable":true,"href":"https:\/\/atm974.re\/en\/wp-json\/wp\/v2\/product_brand?post=334"},{"taxonomy":"product_cat","embeddable":true,"href":"https:\/\/atm974.re\/en\/wp-json\/wp\/v2\/product_cat?post=334"},{"taxonomy":"product_tag","embeddable":true,"href":"https:\/\/atm974.re\/en\/wp-json\/wp\/v2\/product_tag?post=334"}],"curies":[{"name":"wp","href":"https:\/\/api.w.org\/{rel}","templated":true}]}}