{"id":25951970,"date":"2026-02-16T02:02:00","date_gmt":"2026-02-15T22:02:00","guid":{"rendered":"https:\/\/atm.runweb-dev.re\/?post_type=product&#038;p=25951970"},"modified":"2026-03-04T17:14:12","modified_gmt":"2026-03-04T13:14:12","slug":"tunnel-de-bassin-bleu-le-tunnel-de-louest","status":"publish","type":"product","link":"https:\/\/atm974.re\/es\/producto\/tunnel-de-bassin-bleu-le-tunnel-de-louest\/","title":{"rendered":"Tunnel de Bassin Bleu &#8211; Le tunnel de l\u2019Ouest"},"content":{"rendered":"<div>\n<p><strong>Ce que vous allez vivre :<\/strong><\/p>\n<div>\n<div>\n<p>Nich\u00e9 quelques m\u00e8tres au dessus du bassin \u00e9ponyme, c\u2019est par une courte et facile escalade que nous p\u00e9n\u00e9trerons dans ce tunnel.<\/p>\n<\/div>\n<div>\n<p>Deux passages \u201c4 pattes\u201d viendront agr\u00e9menter la progression dans une galerie aux dimensions inattendues et impressionnantes.<\/p>\n<\/div>\n<div>\n<p>Colonie de Salanganes des Mascareignes, stalagtites de calcite, hydro-magn\u00e9site&#8230; tout autant de particularit\u00e9s propres \u00e0 cette cavit\u00e9, qui font de cette exploration une d\u00e9couverte in\u00e9dite et inoubliable.<\/p>\n<\/div>\n<div>\n<p>Pour cl\u00f4turer, la sortie se fait par un petit rappel (tyrolienne possible sur demande et selon le format du groupe)<\/p>\n<\/div>\n<\/div>\n<\/div>\n<p>&nbsp;<\/p>\n<p>&nbsp;<\/p>\n<div>\n<div>\n<div>\n<div style=\"text-align: center;\">\n<p><img alt=\"\" loading=\"lazy\" decoding=\"async\" class=\"alignnone wp-image-25951866\" src=\"https:\/\/atm974.re\/wp-content\/smush-webp\/2026\/01\/compteur_diff_facile-removebg-preview.png.webp\" width=\"41\" height=\"24\" \/><br \/>\nFacile (majoritairement debout, quelques passages dos courb\u00e9, \u201c4 pattes\u201d et corde). L\u2019escalade et le rappel ne constituent pas de difficult\u00e9, la corde (et le guide !) \u00e9tant l\u00e0 en contre-assurage et assistance.<\/p>\n<p><img alt=\"\" loading=\"lazy\" decoding=\"async\" class=\"alignnone wp-image-25951960 aligncenter\" src=\"https:\/\/atm974.re\/wp-content\/smush-webp\/2026\/02\/temps-removebg-preview.png.webp\" width=\"24\" height=\"32\" \/>3 h 30 (Environ 2 h 30 sous terre); 4 h 00 avec tyrolienne<\/p>\n<p><strong><img alt=\"\" loading=\"lazy\" decoding=\"async\" class=\"alignnone wp-image-25951961\" src=\"https:\/\/atm974.re\/wp-content\/smush-webp\/2026\/02\/people-removebg-preview.png.webp\" width=\"38\" height=\"38\" \/><\/strong><br \/>\nd\u00e8s 5 ans<\/p>\n<p><img alt=\"\" loading=\"lazy\" decoding=\"async\" class=\"alignnone wp-image-25951963\" src=\"https:\/\/atm974.re\/wp-content\/smush-webp\/2026\/02\/cadeau-removebg-preview.png.webp\" width=\"46\" height=\"39\" \/><br \/>\nReportage photo souvenir inclus. Rafra\u00eechissement offert en fin de sortie.<\/p>\n<p>&nbsp;<\/p>\n<\/div>\n<div>\n<p style=\"text-align: center;\"><img alt=\"\" loading=\"lazy\" decoding=\"async\" class=\"alignnone wp-image-25951962\" src=\"https:\/\/atm974.re\/wp-content\/smush-webp\/2026\/02\/argent-removebg-preview.png.webp\" width=\"46\" height=\"34\" \/><br \/>\n<strong>\u00b7 Adulte : 60 \u20ac<br \/>\n\u00b7 Enfant (5\u201312) : 50 \u20ac<br \/>\n\u00b7 R\u00e9duction groupe (d\u00e8s 4 personnes) : \u20135\u20ac \/ personne<br \/>\n\u00b7 Privatisation possible sur demande<\/strong><\/p>\n<\/div>\n<\/div>\n<\/div>\n<\/div>","protected":false},"excerpt":{"rendered":"<div>\n<div>\n<p>Issu du volcan fondateur de l\u2019ile, ce tunnel vieux de 350000 ans vous r\u00e9serve une exp\u00e9rience de sp\u00e9l\u00e9ologie volcanique unique ! Corde, progression, volumes et concr\u00e9tions offrent, selon moi, l\u2019exp\u00e9rience la plus \u201csp\u00e9l\u00e9o\u201d de l\u2019\u00eele.<\/p>\n<\/div>\n<\/div>","protected":false},"featured_media":25952195,"template":"","meta":{"_seopress_robots_primary_cat":"none","_seopress_titles_title":"Tunnel de lave Bassin Bleu | Sp\u00e9l\u00e9ologie volcanique Ouest R\u00e9union","_seopress_titles_desc":"Tunnel de lave Bassin Bleu \u00e0 La R\u00e9union : entr\u00e9e par escalade facile, passages \u201c4 pattes\u201d, rappel (tyrolienne possible). Concr\u00e9tions, salanganes. D\u00e8s 5 ans.","_seopress_robots_index":"","_et_pb_use_builder":"","_et_pb_old_content":"","_et_gb_content_width":"","wds_primary_product_brand":0,"wds_primary_product_cat":0},"product_brand":[],"product_cat":[17],"product_tag":[],"class_list":{"0":"post-25951970","1":"product","2":"type-product","3":"status-publish","4":"has-post-thumbnail","6":"product_cat-non-classe","8":"first","9":"instock","10":"sold-individually","11":"shipping-taxable","12":"purchasable","13":"product-type-booking"},"_links":{"self":[{"href":"https:\/\/atm974.re\/es\/wp-json\/wp\/v2\/product\/25951970","targetHints":{"allow":["GET"]}}],"collection":[{"href":"https:\/\/atm974.re\/es\/wp-json\/wp\/v2\/product"}],"about":[{"href":"https:\/\/atm974.re\/es\/wp-json\/wp\/v2\/types\/product"}],"wp:featuredmedia":[{"embeddable":true,"href":"https:\/\/atm974.re\/es\/wp-json\/wp\/v2\/media\/25952195"}],"wp:attachment":[{"href":"https:\/\/atm974.re\/es\/wp-json\/wp\/v2\/media?parent=25951970"}],"wp:term":[{"taxonomy":"product_brand","embeddable":true,"href":"https:\/\/atm974.re\/es\/wp-json\/wp\/v2\/product_brand?post=25951970"},{"taxonomy":"product_cat","embeddable":true,"href":"https:\/\/atm974.re\/es\/wp-json\/wp\/v2\/product_cat?post=25951970"},{"taxonomy":"product_tag","embeddable":true,"href":"https:\/\/atm974.re\/es\/wp-json\/wp\/v2\/product_tag?post=25951970"}],"curies":[{"name":"wp","href":"https:\/\/api.w.org\/{rel}","templated":true}]}}