{"id":25951982,"date":"2026-02-16T02:23:52","date_gmt":"2026-02-15T22:23:52","guid":{"rendered":"https:\/\/atm.runweb-dev.re\/?post_type=product&#038;p=25951982"},"modified":"2026-03-04T17:13:18","modified_gmt":"2026-03-04T13:13:18","slug":"tunnel-de-trou-deau","status":"publish","type":"product","link":"https:\/\/atm974.re\/es\/producto\/tunnel-de-trou-deau\/","title":{"rendered":"T\u00fanel Trou d'Eau"},"content":{"rendered":"<div>\n<div>\n<p>Par ses dimensions impressionnantes et la pr\u00e9sence d\u2019une rivi\u00e8re souterraine, ce tunnel permet la mise en place d\u2019activit\u00e9s ludiques et sportives dans un cadre insolite et facile d\u2019acc\u00e8s.<\/p>\n<\/div>\n<div>\n<p>Descente en rappel, tyrolienne, nage&#8230;un large panel de possibilit\u00e9s s\u2019offre \u00e0 vous.<\/p>\n<\/div>\n<div>\n<p>Propositions de formules et tarifs sur demande.<\/p>\n<\/div>\n<\/div>\n<p>&nbsp;<\/p>\n<p>&nbsp;<\/p>","protected":false},"excerpt":{"rendered":"<div>\n<div>\n<div>\n<div>\n<p>Cavit\u00e9 r\u00e9serv\u00e9e \u00e0 l\u2019organisation d\u2019\u00e9v\u00e9nements particuliers: team building, colonies, anniversaires&#8230;<\/p>\n<\/div>\n<\/div>\n<\/div>\n<\/div>","protected":false},"featured_media":25952177,"template":"","meta":{"_seopress_robots_primary_cat":"none","_seopress_titles_title":"Tunnel de lave Trou d\u2019Eau | \u00c9v\u00e9nements & team building R\u00e9union","_seopress_titles_desc":"Tunnel de lave Trou d\u2019Eau \u00e0 La R\u00e9union : cavit\u00e9 facile d\u2019acc\u00e8s avec rivi\u00e8re souterraine. Rappel, tyrolienne, nage\u2026 id\u00e9al groupes, colonies, anniversaires.","_seopress_robots_index":"","_et_pb_use_builder":"","_et_pb_old_content":"","_et_gb_content_width":"","wds_primary_product_brand":0,"wds_primary_product_cat":0},"product_brand":[],"product_cat":[17],"product_tag":[],"class_list":{"0":"post-25951982","1":"product","2":"type-product","3":"status-publish","4":"has-post-thumbnail","6":"product_cat-non-classe","8":"first","9":"instock","10":"sold-individually","11":"shipping-taxable","12":"purchasable","13":"product-type-booking"},"_links":{"self":[{"href":"https:\/\/atm974.re\/es\/wp-json\/wp\/v2\/product\/25951982","targetHints":{"allow":["GET"]}}],"collection":[{"href":"https:\/\/atm974.re\/es\/wp-json\/wp\/v2\/product"}],"about":[{"href":"https:\/\/atm974.re\/es\/wp-json\/wp\/v2\/types\/product"}],"wp:featuredmedia":[{"embeddable":true,"href":"https:\/\/atm974.re\/es\/wp-json\/wp\/v2\/media\/25952177"}],"wp:attachment":[{"href":"https:\/\/atm974.re\/es\/wp-json\/wp\/v2\/media?parent=25951982"}],"wp:term":[{"taxonomy":"product_brand","embeddable":true,"href":"https:\/\/atm974.re\/es\/wp-json\/wp\/v2\/product_brand?post=25951982"},{"taxonomy":"product_cat","embeddable":true,"href":"https:\/\/atm974.re\/es\/wp-json\/wp\/v2\/product_cat?post=25951982"},{"taxonomy":"product_tag","embeddable":true,"href":"https:\/\/atm974.re\/es\/wp-json\/wp\/v2\/product_tag?post=25951982"}],"curies":[{"name":"wp","href":"https:\/\/api.w.org\/{rel}","templated":true}]}}